{"id":9690,"date":"2017-07-21T00:00:00","date_gmt":"2017-07-21T00:00:00","guid":{"rendered":"https:\/\/promz.be\/product\/conferencier-a5\/"},"modified":"2018-07-18T08:35:10","modified_gmt":"2018-07-18T08:35:10","slug":"conferencier-a5","status":"publish","type":"product","link":"https:\/\/promz.be\/fr\/product\/conferencier-a5\/","title":{"rendered":"Conf\u00e9rencier A5"},"content":{"rendered":"<p>(prix par 200 pi\u00e8ces)<\/p>\n<p>Conf\u00e9rencier en cuir reconstitu\u00e9 (ou bonded leather), de format A5 (Laser-Line) avec fermeture \u00e0 glissi\u00e8re, bloc de feuilles et petite plaque de m\u00e9tal pouvant &#038;ecirc,tre grav\u00e9e. Stylo bille non inclus.<\/p>\n","protected":false},"excerpt":{"rendered":"<p>(prix par 200 pi\u00e8ces)<\/p>\n<p>Conf\u00e9rencier en cuir reconstitu\u00e9 (ou bonded leather), de format A5 (Laser-Line) avec fermeture \u00e0 glissi\u00e8re, bloc de feuilles et petite plaque de m\u00e9tal pouvant &#038;ecirc,tre grav\u00e9e. Stylo bille non inclus.<\/p>\n<p> [&#8230;]<\/p>\n<p><a class=\"btn btn-secondary understrap-read-more-link\" href=\"https:\/\/promz.be\/fr\/product\/conferencier-a5\/\">Lire la suite&#8230;<\/a><\/p>\n","protected":false},"featured_media":8145,"comment_status":"closed","ping_status":"open","template":"","meta":[],"product_cat":[8745],"product_tag":[],"_links":{"self":[{"href":"https:\/\/promz.be\/fr\/wp-json\/wp\/v2\/product\/9690"}],"collection":[{"href":"https:\/\/promz.be\/fr\/wp-json\/wp\/v2\/product"}],"about":[{"href":"https:\/\/promz.be\/fr\/wp-json\/wp\/v2\/types\/product"}],"replies":[{"embeddable":true,"href":"https:\/\/promz.be\/fr\/wp-json\/wp\/v2\/comments?post=9690"}],"wp:featuredmedia":[{"embeddable":true,"href":"https:\/\/promz.be\/fr\/wp-json\/wp\/v2\/media\/8145"}],"wp:attachment":[{"href":"https:\/\/promz.be\/fr\/wp-json\/wp\/v2\/media?parent=9690"}],"wp:term":[{"taxonomy":"product_cat","embeddable":true,"href":"https:\/\/promz.be\/fr\/wp-json\/wp\/v2\/product_cat?post=9690"},{"taxonomy":"product_tag","embeddable":true,"href":"https:\/\/promz.be\/fr\/wp-json\/wp\/v2\/product_tag?post=9690"}],"curies":[{"name":"wp","href":"https:\/\/api.w.org\/{rel}","templated":true}]}}