{"id":9691,"date":"2018-04-20T00:00:00","date_gmt":"2018-04-20T00:00:00","guid":{"rendered":"https:\/\/promz.be\/product\/tablier-bbq-avec-impression-all-over\/"},"modified":"2018-07-18T08:35:11","modified_gmt":"2018-07-18T08:35:11","slug":"tablier-bbq-avec-impression-all-over","status":"publish","type":"product","link":"https:\/\/promz.be\/fr\/product\/tablier-bbq-avec-impression-all-over\/","title":{"rendered":"Tablier BBQ avec impression &#8216;all-over&#8217;"},"content":{"rendered":"<p>(prix par 200 pi\u00e8ces)<\/p>\n<p>Tablier BBQ avec lani\u00e8re ajustable. Il peut &#038;ecirc,tre imprim\u00e9 enti\u00e8rement avec votre design.<\/p>\n<p>150D polyester.<\/p>\n","protected":false},"excerpt":{"rendered":"<p>(prix par 200 pi\u00e8ces)<\/p>\n<p>Tablier BBQ avec lani\u00e8re ajustable. Il peut &#038;ecirc,tre imprim\u00e9 enti\u00e8rement avec votre design.<\/p>\n<p>150D polyester.<\/p>\n<p> [&#8230;]<\/p>\n<p><a class=\"btn btn-secondary understrap-read-more-link\" href=\"https:\/\/promz.be\/fr\/product\/tablier-bbq-avec-impression-all-over\/\">Lire la suite&#8230;<\/a><\/p>\n","protected":false},"featured_media":7985,"comment_status":"closed","ping_status":"open","template":"","meta":[],"product_cat":[8745],"product_tag":[],"_links":{"self":[{"href":"https:\/\/promz.be\/fr\/wp-json\/wp\/v2\/product\/9691"}],"collection":[{"href":"https:\/\/promz.be\/fr\/wp-json\/wp\/v2\/product"}],"about":[{"href":"https:\/\/promz.be\/fr\/wp-json\/wp\/v2\/types\/product"}],"replies":[{"embeddable":true,"href":"https:\/\/promz.be\/fr\/wp-json\/wp\/v2\/comments?post=9691"}],"wp:featuredmedia":[{"embeddable":true,"href":"https:\/\/promz.be\/fr\/wp-json\/wp\/v2\/media\/7985"}],"wp:attachment":[{"href":"https:\/\/promz.be\/fr\/wp-json\/wp\/v2\/media?parent=9691"}],"wp:term":[{"taxonomy":"product_cat","embeddable":true,"href":"https:\/\/promz.be\/fr\/wp-json\/wp\/v2\/product_cat?post=9691"},{"taxonomy":"product_tag","embeddable":true,"href":"https:\/\/promz.be\/fr\/wp-json\/wp\/v2\/product_tag?post=9691"}],"curies":[{"name":"wp","href":"https:\/\/api.w.org\/{rel}","templated":true}]}}