{"id":9692,"date":"2018-04-05T00:00:00","date_gmt":"2018-04-05T00:00:00","guid":{"rendered":"https:\/\/promz.be\/product\/support-de-telephone-double-clip-pour-la-bicyclette\/"},"modified":"2018-07-18T08:35:11","modified_gmt":"2018-07-18T08:35:11","slug":"support-de-telephone-double-clip-pour-la-bicyclette","status":"publish","type":"product","link":"https:\/\/promz.be\/fr\/product\/support-de-telephone-double-clip-pour-la-bicyclette\/","title":{"rendered":"Support de t\u00e9l\u00e9phone double Clip pour la Bicyclette"},"content":{"rendered":"<p>(prix par 2000 pi\u00e8ces)<\/p>\n<p>Ce support de haute qualit\u00e9 pour votre t\u00e9l\u00e9phone mobile est fabriqu\u00e9 en PC . Avec double attaches votre t\u00e9l\u00e9phone mobile est fermement sur le guidon de la bicyclette.<\/p>\n","protected":false},"excerpt":{"rendered":"<p>(prix par 2000 pi\u00e8ces)<\/p>\n<p>Ce support de haute qualit\u00e9 pour votre t\u00e9l\u00e9phone mobile est fabriqu\u00e9 en PC . Avec double attaches votre t\u00e9l\u00e9phone mobile est fermement sur le guidon de la bicyclette.<\/p>\n<p> [&#8230;]<\/p>\n<p><a class=\"btn btn-secondary understrap-read-more-link\" href=\"https:\/\/promz.be\/fr\/product\/support-de-telephone-double-clip-pour-la-bicyclette\/\">Lire la suite&#8230;<\/a><\/p>\n","protected":false},"featured_media":7840,"comment_status":"closed","ping_status":"open","template":"","meta":[],"product_cat":[8745],"product_tag":[],"_links":{"self":[{"href":"https:\/\/promz.be\/fr\/wp-json\/wp\/v2\/product\/9692"}],"collection":[{"href":"https:\/\/promz.be\/fr\/wp-json\/wp\/v2\/product"}],"about":[{"href":"https:\/\/promz.be\/fr\/wp-json\/wp\/v2\/types\/product"}],"replies":[{"embeddable":true,"href":"https:\/\/promz.be\/fr\/wp-json\/wp\/v2\/comments?post=9692"}],"wp:featuredmedia":[{"embeddable":true,"href":"https:\/\/promz.be\/fr\/wp-json\/wp\/v2\/media\/7840"}],"wp:attachment":[{"href":"https:\/\/promz.be\/fr\/wp-json\/wp\/v2\/media?parent=9692"}],"wp:term":[{"taxonomy":"product_cat","embeddable":true,"href":"https:\/\/promz.be\/fr\/wp-json\/wp\/v2\/product_cat?post=9692"},{"taxonomy":"product_tag","embeddable":true,"href":"https:\/\/promz.be\/fr\/wp-json\/wp\/v2\/product_tag?post=9692"}],"curies":[{"name":"wp","href":"https:\/\/api.w.org\/{rel}","templated":true}]}}