{"id":9697,"date":"2017-07-19T00:00:00","date_gmt":"2017-07-19T00:00:00","guid":{"rendered":"https:\/\/promz.be\/product\/ne-plus-jamais-perdre-vos-cles\/"},"modified":"2018-07-18T08:35:14","modified_gmt":"2018-07-18T08:35:14","slug":"ne-plus-jamais-perdre-vos-cles","status":"publish","type":"product","link":"https:\/\/promz.be\/fr\/product\/ne-plus-jamais-perdre-vos-cles\/","title":{"rendered":"ne plus jamais perdre vos cl\u00e9s"},"content":{"rendered":"<p>(prix par 250 pi\u00e8ces)<\/p>\n<p><strong>1 \/Fonction Smart Search :<\/strong><\/p>\n<p>Vous signale la distance \u00e0 laquelle vous vous trouvez de l&#8217;appareil (du smart finder), gr\u00e2ce \u00e0 l&#8217;indicateur de pourcentage.Retrouver vos cl\u00e9s, votre portefeuille ou tout autre objet \u00e9quip\u00e9 du smart finder, dans ce p\u00e9rim\u00e8tre, en faisant sonner le smart finder depuis votre t\u00e9l\u00e9phone.Un bip puissant vous guidera vers l&#8217;objet perdu.Vous pouvez \u00e9galement vous servir de l&#8217;application mobile pour connaitre l&#8217;emplacement de votre appareil, ou utilisez la fonction \u00ab last seen tracking \u00bbpour voir ou ce dernier a \u00e9t\u00e9 connect\u00e9 \u00e0 votre t\u00e9l\u00e9phone la derni\u00e8re fois.<\/p>\n<p><strong>2\/Fonction \u00ab Last seen tracking \u00bb<\/strong><\/p>\n<p>Cette fonction enregistre sur une carte le dernier emplacement connu de votre appareil. Vous pouvez ainsi savoir pr\u00e9cis\u00e9ment ou vous avez oubli\u00e9 ou perdu votre objet.<\/p>\n<p><strong>3\/Fonction \u00ab ANTI-Lost \u00bb<\/strong><\/p>\n<p>Lorsque votre t\u00e9l\u00e9phone perd la connexion avec le smart finder, une alerte sonore retentira sur votre t\u00e9l\u00e9phone.Par exemple, lorsque vous quittez votre domicile en oubliant votre portefeuille, dans lequel vous aurez pr\u00e9alablement rang\u00e9 votre smart finder, une alerte sonore retentira sur votre t\u00e9l\u00e9phone pour vous le signaler.<\/p>\n<p><strong>4\/Fonction \u00ab Phone Finder \u00bb<\/strong><\/p>\n<p>Appuyer r\u00e9p\u00e9titivement sur le bouton cam\u00e9ra du smart finder et une alerte sonore retentira sur votre t\u00e9l\u00e9phone, afin de le retrouver tr\u00e8s rapidement.<\/p>\n<p><strong>5\/T\u00e9l\u00e9commande APN (D\u00e9clencheur de photo)<\/strong><\/p>\n<p>Appuyer sur le bouton cam\u00e9ra afin de d\u00e9clencher l&#8217;appareil photo de votre t\u00e9l\u00e9phone \u00e0 distance. La port\u00e9e du smart finder est importante, et la latence est faible.<\/p>\n<p>Port\u00e9e : 50 m\u00e8tres en ext\u00e9rieur et 35 m\u00e8tres en int\u00e9rieur.<\/p>\n","protected":false},"excerpt":{"rendered":"<p>(prix par 250 pi\u00e8ces)<\/p>\n<p><strong>1 \/Fonction Smart Search :<\/strong><\/p>\n<p>Vous signale la distance \u00e0 laquelle vous vous trouvez de l&#8217;appareil (du smart finder), gr\u00e2ce \u00e0 l&#8217;indicateur de pourcentage.Retrouver vos cl\u00e9s, votre portefeuille ou tout autre objet \u00e9quip\u00e9 du smart finder, dans ce p\u00e9rim\u00e8tre, en faisant sonner le smart finder depuis votre t\u00e9l\u00e9phone.Un bip puissant vous guidera vers l&#8217;objet perdu.Vous pouvez \u00e9galement vous servir de l&#8217;application mobile pour connaitre l&#8217;emplacement de votre appareil, ou utilisez la fonction \u00ab last seen tracking \u00bbpour voir ou ce dernier a \u00e9t\u00e9 connect\u00e9 \u00e0 votre t\u00e9l\u00e9phone la derni\u00e8re fois.<\/p>\n<p><strong>2\/Fonction \u00ab Last seen tracking \u00bb<\/strong><\/p>\n<p>Cette fonction enregistre sur une carte le dernier emplacement connu de votre appareil. Vous pouvez ainsi savoir pr\u00e9cis\u00e9ment ou vous avez oubli\u00e9 ou perdu votre objet.<\/p>\n<p><strong>3\/Fonction \u00ab ANTI-Lost \u00bb<\/strong><\/p>\n<p>Lorsque votre t\u00e9l\u00e9phone perd la connexion avec le smart finder, une alerte sonore retentira sur votre t\u00e9l\u00e9phone.Par exemple, lorsque vous quittez votre domicile en oubliant votre portefeuille, dans lequel vous aurez pr\u00e9alablement rang\u00e9 votre smart finder, une alerte sonore retentira sur votre t\u00e9l\u00e9phone pour vous le signaler.<\/p>\n<p><strong>4\/Fonction \u00ab Phone Finder \u00bb<\/strong><\/p>\n<p>Appuyer r\u00e9p\u00e9titivement sur le bouton cam\u00e9ra du smart finder et une alerte sonore retentira sur votre t\u00e9l\u00e9phone, afin de le retrouver tr\u00e8s rapidement.<\/p>\n<p><strong>5\/T\u00e9l\u00e9commande APN (D\u00e9clencheur de photo)<\/strong><\/p>\n<p>Appuyer sur le bouton cam\u00e9ra afin de d\u00e9clencher l&#8217;appareil photo de votre t\u00e9l\u00e9phone \u00e0 distance. La port\u00e9e du smart finder est importante, et la latence est faible.<\/p>\n<p>Port\u00e9e : 50 m\u00e8tres en ext\u00e9rieur et 35 m\u00e8tres en int\u00e9rieur.<\/p>\n<p> [&#8230;]<\/p>\n<p><a class=\"btn btn-secondary understrap-read-more-link\" href=\"https:\/\/promz.be\/fr\/product\/ne-plus-jamais-perdre-vos-cles\/\">Lire la suite&#8230;<\/a><\/p>\n","protected":false},"featured_media":8957,"comment_status":"closed","ping_status":"open","template":"","meta":[],"product_cat":[8745],"product_tag":[],"_links":{"self":[{"href":"https:\/\/promz.be\/fr\/wp-json\/wp\/v2\/product\/9697"}],"collection":[{"href":"https:\/\/promz.be\/fr\/wp-json\/wp\/v2\/product"}],"about":[{"href":"https:\/\/promz.be\/fr\/wp-json\/wp\/v2\/types\/product"}],"replies":[{"embeddable":true,"href":"https:\/\/promz.be\/fr\/wp-json\/wp\/v2\/comments?post=9697"}],"wp:featuredmedia":[{"embeddable":true,"href":"https:\/\/promz.be\/fr\/wp-json\/wp\/v2\/media\/8957"}],"wp:attachment":[{"href":"https:\/\/promz.be\/fr\/wp-json\/wp\/v2\/media?parent=9697"}],"wp:term":[{"taxonomy":"product_cat","embeddable":true,"href":"https:\/\/promz.be\/fr\/wp-json\/wp\/v2\/product_cat?post=9697"},{"taxonomy":"product_tag","embeddable":true,"href":"https:\/\/promz.be\/fr\/wp-json\/wp\/v2\/product_tag?post=9697"}],"curies":[{"name":"wp","href":"https:\/\/api.w.org\/{rel}","templated":true}]}}