{"id":9699,"date":"2017-07-21T00:00:00","date_gmt":"2017-07-21T00:00:00","guid":{"rendered":"https:\/\/promz.be\/product\/chargeur-pour-voiture\/"},"modified":"2018-07-18T08:35:16","modified_gmt":"2018-07-18T08:35:16","slug":"chargeur-pour-voiture","status":"publish","type":"product","link":"https:\/\/promz.be\/fr\/product\/chargeur-pour-voiture\/","title":{"rendered":"chargeur pour voiture"},"content":{"rendered":"<p>(prix par 250 pi\u00e8ces)<\/p>\n<p>Ce chargeur voiture 100% s\u00e9curitaire est muni de 2 fusibles int\u00e9gr\u00e9s pour \u00e9viter tout risque de surtension. Nous donnons d\u00e8s lors 1 an de garantie sur ce chargeur voiture.Le chargeur est pourvu de 2 ports USB (5V) et d\u00e9livre un courant de charge de 2100mA. Cet amp\u00e9rage est partag\u00e9 comme l&#8217;exigent vos appareils, ce n&#8217;est donc pas 1050mA par port, comme c&#8217;est souvent le cas avec les mod\u00e8les moins chers.<\/p>\n<p>En option, il peut \u00e9galement y avoir un message audio de 12 secondes pr\u00e9programm\u00e9e .<\/p>\n","protected":false},"excerpt":{"rendered":"<p>(prix par 250 pi\u00e8ces)<\/p>\n<p>Ce chargeur voiture 100% s\u00e9curitaire est muni de 2 fusibles int\u00e9gr\u00e9s pour \u00e9viter tout risque de surtension. Nous donnons d\u00e8s lors 1 an de garantie sur ce chargeur voiture.Le chargeur est pourvu de 2 ports USB (5V) et d\u00e9livre un courant de charge de 2100mA. Cet amp\u00e9rage est partag\u00e9 comme l&#8217;exigent vos appareils, ce n&#8217;est donc pas 1050mA par port, comme c&#8217;est souvent le cas avec les mod\u00e8les moins chers.<\/p>\n<p>En option, il peut \u00e9galement y avoir un message audio de 12 secondes pr\u00e9programm\u00e9e .<\/p>\n<p> [&#8230;]<\/p>\n<p><a class=\"btn btn-secondary understrap-read-more-link\" href=\"https:\/\/promz.be\/fr\/product\/chargeur-pour-voiture\/\">Lire la suite&#8230;<\/a><\/p>\n","protected":false},"featured_media":6192,"comment_status":"closed","ping_status":"open","template":"","meta":[],"product_cat":[8745],"product_tag":[],"_links":{"self":[{"href":"https:\/\/promz.be\/fr\/wp-json\/wp\/v2\/product\/9699"}],"collection":[{"href":"https:\/\/promz.be\/fr\/wp-json\/wp\/v2\/product"}],"about":[{"href":"https:\/\/promz.be\/fr\/wp-json\/wp\/v2\/types\/product"}],"replies":[{"embeddable":true,"href":"https:\/\/promz.be\/fr\/wp-json\/wp\/v2\/comments?post=9699"}],"wp:featuredmedia":[{"embeddable":true,"href":"https:\/\/promz.be\/fr\/wp-json\/wp\/v2\/media\/6192"}],"wp:attachment":[{"href":"https:\/\/promz.be\/fr\/wp-json\/wp\/v2\/media?parent=9699"}],"wp:term":[{"taxonomy":"product_cat","embeddable":true,"href":"https:\/\/promz.be\/fr\/wp-json\/wp\/v2\/product_cat?post=9699"},{"taxonomy":"product_tag","embeddable":true,"href":"https:\/\/promz.be\/fr\/wp-json\/wp\/v2\/product_tag?post=9699"}],"curies":[{"name":"wp","href":"https:\/\/api.w.org\/{rel}","templated":true}]}}