{"id":9701,"date":"2017-11-08T00:00:00","date_gmt":"2017-11-08T00:00:00","guid":{"rendered":"https:\/\/promz.be\/product\/lumiere-dambiance-pour-votre-telephone\/"},"modified":"2018-07-18T08:35:16","modified_gmt":"2018-07-18T08:35:16","slug":"lumiere-dambiance-pour-votre-telephone","status":"publish","type":"product","link":"https:\/\/promz.be\/fr\/product\/lumiere-dambiance-pour-votre-telephone\/","title":{"rendered":"Lumi\u00e8re d&#8217;ambiance pour votre t\u00e9l\u00e9phone"},"content":{"rendered":"<p>(prix par 250 pi\u00e8ces)<\/p>\n<p>Eclairez votre t\u00e9l\u00e9phone avec cette petite lampe d&#8217;ambiance.<\/p>\n","protected":false},"excerpt":{"rendered":"<p>(prix par 250 pi\u00e8ces)<\/p>\n<p>Eclairez votre t\u00e9l\u00e9phone avec cette petite lampe d&#8217;ambiance.<\/p>\n<p> [&#8230;]<\/p>\n<p><a class=\"btn btn-secondary understrap-read-more-link\" href=\"https:\/\/promz.be\/fr\/product\/lumiere-dambiance-pour-votre-telephone\/\">Lire la suite&#8230;<\/a><\/p>\n","protected":false},"featured_media":9200,"comment_status":"closed","ping_status":"open","template":"","meta":[],"product_cat":[8745],"product_tag":[],"_links":{"self":[{"href":"https:\/\/promz.be\/fr\/wp-json\/wp\/v2\/product\/9701"}],"collection":[{"href":"https:\/\/promz.be\/fr\/wp-json\/wp\/v2\/product"}],"about":[{"href":"https:\/\/promz.be\/fr\/wp-json\/wp\/v2\/types\/product"}],"replies":[{"embeddable":true,"href":"https:\/\/promz.be\/fr\/wp-json\/wp\/v2\/comments?post=9701"}],"wp:featuredmedia":[{"embeddable":true,"href":"https:\/\/promz.be\/fr\/wp-json\/wp\/v2\/media\/9200"}],"wp:attachment":[{"href":"https:\/\/promz.be\/fr\/wp-json\/wp\/v2\/media?parent=9701"}],"wp:term":[{"taxonomy":"product_cat","embeddable":true,"href":"https:\/\/promz.be\/fr\/wp-json\/wp\/v2\/product_cat?post=9701"},{"taxonomy":"product_tag","embeddable":true,"href":"https:\/\/promz.be\/fr\/wp-json\/wp\/v2\/product_tag?post=9701"}],"curies":[{"name":"wp","href":"https:\/\/api.w.org\/{rel}","templated":true}]}}