{"id":9702,"date":"2018-03-12T00:00:00","date_gmt":"2018-03-12T00:00:00","guid":{"rendered":"https:\/\/promz.be\/product\/sablier-de-douche-impression-numerique\/"},"modified":"2018-07-18T08:35:16","modified_gmt":"2018-07-18T08:35:16","slug":"sablier-de-douche-impression-numerique","status":"publish","type":"product","link":"https:\/\/promz.be\/fr\/product\/sablier-de-douche-impression-numerique\/","title":{"rendered":"Sablier de douche impression num\u00e9rique"},"content":{"rendered":"<p>(prix par 250 pi\u00e8ces)<\/p>\n<p>Economisez de l&#8217;eau avec ce sablier de douche. C&#8217;est un moyen facile et \u00e9conomique pour faire des \u00e9conomies d&#8217;eau et d&#8217;\u00e9nergie car il vous permet de contr\u00f4ler le temps et de r\u00e9duire la dur\u00e9e de la douche. Le sablier de douche se fixe au mur \u00e0 l&#8217;aide d&#8217;une ventouse. La surface enti\u00e8re peut &#038;ecirc,tre imprim\u00e9e num\u00e9riquement. Le prix mentionn\u00e9 comprend l&#8217;impression en quadri.<\/p>\n<div id=gt-edit style=display: none,>\n<div style=width: 100%,><textarea id=contribute-target class=goog-textarea style=height: auto, padding-right: 20px, -ms-overflow-x: auto, -ms-overflow-y: hidden, box-sizing: border-box, dir=ltr tabindex=0 name=edit-text rows=1><\/textarea><\/p>\n","protected":false},"excerpt":{"rendered":"<p>(prix par 250 pi\u00e8ces)<\/p>\n<p>Economisez de l&#8217;eau avec ce sablier de douche. C&#8217;est un moyen facile et \u00e9conomique pour faire des \u00e9conomies d&#8217;eau et d&#8217;\u00e9nergie car il vous permet de contr\u00f4ler le temps et de r\u00e9duire la dur\u00e9e de la douche. Le sablier de douche se fixe au mur \u00e0 l&#8217;aide d&#8217;une ventouse. La surface enti\u00e8re peut &#038;ecirc,tre imprim\u00e9e num\u00e9riquement. Le prix mentionn\u00e9 comprend l&#8217;impression en quadri.<\/p>\n<div id=gt-edit style=display: none,>\n<div style=width: 100%,><textarea id=contribute-target class=goog-textarea style=height: auto, padding-right: 20px, -ms-overflow-x: auto, -ms-overflow-y: hidden, box-sizing: border-box, dir=ltr tabindex=0 name=edit-text rows=1><\/textarea> [&#8230;]<\/p>\n<p><a class=\"btn btn-secondary understrap-read-more-link\" href=\"https:\/\/promz.be\/fr\/product\/sablier-de-douche-impression-numerique\/\">Lire la suite&#8230;<\/a><\/p>\n","protected":false},"featured_media":6235,"comment_status":"closed","ping_status":"open","template":"","meta":[],"product_cat":[8745],"product_tag":[],"_links":{"self":[{"href":"https:\/\/promz.be\/fr\/wp-json\/wp\/v2\/product\/9702"}],"collection":[{"href":"https:\/\/promz.be\/fr\/wp-json\/wp\/v2\/product"}],"about":[{"href":"https:\/\/promz.be\/fr\/wp-json\/wp\/v2\/types\/product"}],"replies":[{"embeddable":true,"href":"https:\/\/promz.be\/fr\/wp-json\/wp\/v2\/comments?post=9702"}],"wp:featuredmedia":[{"embeddable":true,"href":"https:\/\/promz.be\/fr\/wp-json\/wp\/v2\/media\/6235"}],"wp:attachment":[{"href":"https:\/\/promz.be\/fr\/wp-json\/wp\/v2\/media?parent=9702"}],"wp:term":[{"taxonomy":"product_cat","embeddable":true,"href":"https:\/\/promz.be\/fr\/wp-json\/wp\/v2\/product_cat?post=9702"},{"taxonomy":"product_tag","embeddable":true,"href":"https:\/\/promz.be\/fr\/wp-json\/wp\/v2\/product_tag?post=9702"}],"curies":[{"name":"wp","href":"https:\/\/api.w.org\/{rel}","templated":true}]}}