{"id":9705,"date":"2018-03-02T00:00:00","date_gmt":"2018-03-02T00:00:00","guid":{"rendered":"https:\/\/promz.be\/product\/chausse-pied-et-testeur-de-detecteur-de-fumee-dans-un\/"},"modified":"2018-07-18T08:35:18","modified_gmt":"2018-07-18T08:35:18","slug":"chausse-pied-et-testeur-de-detecteur-de-fumee-dans-un","status":"publish","type":"product","link":"https:\/\/promz.be\/fr\/product\/chausse-pied-et-testeur-de-detecteur-de-fumee-dans-un\/","title":{"rendered":"Chausse-pied et testeur de d\u00e9tecteur de fum\u00e9e dans un"},"content":{"rendered":"<p>(prix par 250 pi\u00e8ces)<\/p>\n<p>Saviez-vous que chaque mois vous devez tester votre d\u00e9tecteur de fum\u00e9e ? Si vous ne voulez plus vous placer sur les meubles instables pour devoir tester votre d\u00e9tecteur de fum\u00e9e, cet article est la solution id\u00e9ale. Par une petite pointe embout \u00e0 la fin du chausse-pied le d\u00e9tecteur de fum\u00e9e peut &#038;ecirc,tre test\u00e9 tr\u00e8s facilement. En outre, vous pouvez gr\u00e2ce \u00e0 la longueur du chausse-pieds facilement mettre vos chaussures en restant debout.<\/p>\n<p>Un \u00e9l\u00e9ment indispensable dans chaque m\u00e9nage et le cadeau parfait pour tous ceux qui trouve la s\u00e9curit\u00e9 \/ soins pour ses clients de la plus haute importance.<\/p>\n","protected":false},"excerpt":{"rendered":"<p>(prix par 250 pi\u00e8ces)<\/p>\n<p>Saviez-vous que chaque mois vous devez tester votre d\u00e9tecteur de fum\u00e9e ? Si vous ne voulez plus vous placer sur les meubles instables pour devoir tester votre d\u00e9tecteur de fum\u00e9e, cet article est la solution id\u00e9ale. Par une petite pointe embout \u00e0 la fin du chausse-pied le d\u00e9tecteur de fum\u00e9e peut &#038;ecirc,tre test\u00e9 tr\u00e8s facilement. En outre, vous pouvez gr\u00e2ce \u00e0 la longueur du chausse-pieds facilement mettre vos chaussures en restant debout.<\/p>\n<p>Un \u00e9l\u00e9ment indispensable dans chaque m\u00e9nage et le cadeau parfait pour tous ceux qui trouve la s\u00e9curit\u00e9 \/ soins pour ses clients de la plus haute importance.<\/p>\n<p> [&#8230;]<\/p>\n<p><a class=\"btn btn-secondary understrap-read-more-link\" href=\"https:\/\/promz.be\/fr\/product\/chausse-pied-et-testeur-de-detecteur-de-fumee-dans-un\/\">Lire la suite&#8230;<\/a><\/p>\n","protected":false},"featured_media":7408,"comment_status":"closed","ping_status":"open","template":"","meta":[],"product_cat":[8745],"product_tag":[],"_links":{"self":[{"href":"https:\/\/promz.be\/fr\/wp-json\/wp\/v2\/product\/9705"}],"collection":[{"href":"https:\/\/promz.be\/fr\/wp-json\/wp\/v2\/product"}],"about":[{"href":"https:\/\/promz.be\/fr\/wp-json\/wp\/v2\/types\/product"}],"replies":[{"embeddable":true,"href":"https:\/\/promz.be\/fr\/wp-json\/wp\/v2\/comments?post=9705"}],"wp:featuredmedia":[{"embeddable":true,"href":"https:\/\/promz.be\/fr\/wp-json\/wp\/v2\/media\/7408"}],"wp:attachment":[{"href":"https:\/\/promz.be\/fr\/wp-json\/wp\/v2\/media?parent=9705"}],"wp:term":[{"taxonomy":"product_cat","embeddable":true,"href":"https:\/\/promz.be\/fr\/wp-json\/wp\/v2\/product_cat?post=9705"},{"taxonomy":"product_tag","embeddable":true,"href":"https:\/\/promz.be\/fr\/wp-json\/wp\/v2\/product_tag?post=9705"}],"curies":[{"name":"wp","href":"https:\/\/api.w.org\/{rel}","templated":true}]}}