{"id":9706,"date":"2017-12-12T00:00:00","date_gmt":"2017-12-12T00:00:00","guid":{"rendered":"https:\/\/promz.be\/product\/stylo-a-bille-avec-usb\/"},"modified":"2018-07-18T08:35:18","modified_gmt":"2018-07-18T08:35:18","slug":"stylo-a-bille-avec-usb","status":"publish","type":"product","link":"https:\/\/promz.be\/fr\/product\/stylo-a-bille-avec-usb\/","title":{"rendered":"Stylo \u00e0 bille avec USB"},"content":{"rendered":"<p>(prix par 250 pi\u00e8ces)<\/p>\n<p>Stylo \u00e0 bille de qualit\u00e9 avec clef USB 8 Go sur le clip. Disponible en diff\u00e9rentes couleurs.Prix inclus l&#8217;impression en une couleur sur le corps ou le clip.<\/p>\n","protected":false},"excerpt":{"rendered":"<p>(prix par 250 pi\u00e8ces)<\/p>\n<p>Stylo \u00e0 bille de qualit\u00e9 avec clef USB 8 Go sur le clip. Disponible en diff\u00e9rentes couleurs.Prix inclus l&#8217;impression en une couleur sur le corps ou le clip.<\/p>\n<p> [&#8230;]<\/p>\n<p><a class=\"btn btn-secondary understrap-read-more-link\" href=\"https:\/\/promz.be\/fr\/product\/stylo-a-bille-avec-usb\/\">Lire la suite&#8230;<\/a><\/p>\n","protected":false},"featured_media":8904,"comment_status":"closed","ping_status":"open","template":"","meta":[],"product_cat":[8745],"product_tag":[],"_links":{"self":[{"href":"https:\/\/promz.be\/fr\/wp-json\/wp\/v2\/product\/9706"}],"collection":[{"href":"https:\/\/promz.be\/fr\/wp-json\/wp\/v2\/product"}],"about":[{"href":"https:\/\/promz.be\/fr\/wp-json\/wp\/v2\/types\/product"}],"replies":[{"embeddable":true,"href":"https:\/\/promz.be\/fr\/wp-json\/wp\/v2\/comments?post=9706"}],"wp:featuredmedia":[{"embeddable":true,"href":"https:\/\/promz.be\/fr\/wp-json\/wp\/v2\/media\/8904"}],"wp:attachment":[{"href":"https:\/\/promz.be\/fr\/wp-json\/wp\/v2\/media?parent=9706"}],"wp:term":[{"taxonomy":"product_cat","embeddable":true,"href":"https:\/\/promz.be\/fr\/wp-json\/wp\/v2\/product_cat?post=9706"},{"taxonomy":"product_tag","embeddable":true,"href":"https:\/\/promz.be\/fr\/wp-json\/wp\/v2\/product_tag?post=9706"}],"curies":[{"name":"wp","href":"https:\/\/api.w.org\/{rel}","templated":true}]}}