{"id":9708,"date":"2017-12-06T00:00:00","date_gmt":"2017-12-06T00:00:00","guid":{"rendered":"https:\/\/promz.be\/product\/ainsi-etait-faite-la-photo-la-plus-fameuse-du-monde\/"},"modified":"2018-07-18T08:35:19","modified_gmt":"2018-07-18T08:35:19","slug":"ainsi-etait-faite-la-photo-la-plus-fameuse-du-monde","status":"publish","type":"product","link":"https:\/\/promz.be\/fr\/product\/ainsi-etait-faite-la-photo-la-plus-fameuse-du-monde\/","title":{"rendered":"ainsi  \u00e9tait faite la photo la plus fameuse du monde"},"content":{"rendered":"<p>(prix par 250 pi\u00e8ces)<\/p>\n<p>Un selfie (d\u00e9clinaison du terme anglais self, \u00ab soi \u00bb), autophoto ou encore \u00e9goportrait au Qu\u00e9bec, est un autoportrait photographique r\u00e9alis\u00e9 avec un appareil photographique num\u00e9rique, un t\u00e9l\u00e9phone mobile (t\u00e9l\u00e9phone intelligent ou photophone) voire une webcam puis t\u00e9l\u00e9vers\u00e9 sur les r\u00e9seaux sociaux (Facebook, Twitter, Instagram, Tumblr, et autres Flickr) pour renseigner son profil ou son avatar, pour documenter sa pr\u00e9sence dans un lieu ou aupr\u00e8s de quelqu&#8217;un (notamment une photo vol\u00e9e ou consentante \u00e0 c\u00f4t\u00e9 d&#8217;une c\u00e9l\u00e9brit\u00e9), partager son \u00e9tat du jour, publier certaines sc\u00e8nes particuli\u00e8res.<\/p>\n<p>G\u00e9n\u00e9ralement prise sur le vif, ce type de photographie est r\u00e9alis\u00e9e avec un appareil \u00e0 bras portant ou \u00e0 l&#8217;aide d&#8217;un miroir lorsqu&#8217;il ne comporte pas de cam\u00e9ra frontale.<\/p>\n","protected":false},"excerpt":{"rendered":"<p>(prix par 250 pi\u00e8ces)<\/p>\n<p>Un selfie (d\u00e9clinaison du terme anglais self, \u00ab soi \u00bb), autophoto ou encore \u00e9goportrait au Qu\u00e9bec, est un autoportrait photographique r\u00e9alis\u00e9 avec un appareil photographique num\u00e9rique, un t\u00e9l\u00e9phone mobile (t\u00e9l\u00e9phone intelligent ou photophone) voire une webcam puis t\u00e9l\u00e9vers\u00e9 sur les r\u00e9seaux sociaux (Facebook, Twitter, Instagram, Tumblr, et autres Flickr) pour renseigner son profil ou son avatar, pour documenter sa pr\u00e9sence dans un lieu ou aupr\u00e8s de quelqu&#8217;un (notamment une photo vol\u00e9e ou consentante \u00e0 c\u00f4t\u00e9 d&#8217;une c\u00e9l\u00e9brit\u00e9), partager son \u00e9tat du jour, publier certaines sc\u00e8nes particuli\u00e8res.<\/p>\n<p>G\u00e9n\u00e9ralement prise sur le vif, ce type de photographie est r\u00e9alis\u00e9e avec un appareil \u00e0 bras portant ou \u00e0 l&#8217;aide d&#8217;un miroir lorsqu&#8217;il ne comporte pas de cam\u00e9ra frontale.<\/p>\n<p> [&#8230;]<\/p>\n<p><a class=\"btn btn-secondary understrap-read-more-link\" href=\"https:\/\/promz.be\/fr\/product\/ainsi-etait-faite-la-photo-la-plus-fameuse-du-monde\/\">Lire la suite&#8230;<\/a><\/p>\n","protected":false},"featured_media":9197,"comment_status":"closed","ping_status":"open","template":"","meta":[],"product_cat":[8745],"product_tag":[],"_links":{"self":[{"href":"https:\/\/promz.be\/fr\/wp-json\/wp\/v2\/product\/9708"}],"collection":[{"href":"https:\/\/promz.be\/fr\/wp-json\/wp\/v2\/product"}],"about":[{"href":"https:\/\/promz.be\/fr\/wp-json\/wp\/v2\/types\/product"}],"replies":[{"embeddable":true,"href":"https:\/\/promz.be\/fr\/wp-json\/wp\/v2\/comments?post=9708"}],"wp:featuredmedia":[{"embeddable":true,"href":"https:\/\/promz.be\/fr\/wp-json\/wp\/v2\/media\/9197"}],"wp:attachment":[{"href":"https:\/\/promz.be\/fr\/wp-json\/wp\/v2\/media?parent=9708"}],"wp:term":[{"taxonomy":"product_cat","embeddable":true,"href":"https:\/\/promz.be\/fr\/wp-json\/wp\/v2\/product_cat?post=9708"},{"taxonomy":"product_tag","embeddable":true,"href":"https:\/\/promz.be\/fr\/wp-json\/wp\/v2\/product_tag?post=9708"}],"curies":[{"name":"wp","href":"https:\/\/api.w.org\/{rel}","templated":true}]}}