{"id":9709,"date":"2018-01-22T00:00:00","date_gmt":"2018-01-22T00:00:00","guid":{"rendered":"https:\/\/promz.be\/product\/t-shirt-parfume\/"},"modified":"2018-07-18T08:35:19","modified_gmt":"2018-07-18T08:35:19","slug":"t-shirt-parfume","status":"publish","type":"product","link":"https:\/\/promz.be\/fr\/product\/t-shirt-parfume\/","title":{"rendered":"T-shirt parfum\u00e9"},"content":{"rendered":"<p>(prix par 250 pi\u00e8ces)<\/p>\n<p>Un T-shirt de qualit\u00e9 avec votre parfum peut aider \u00e0 renforcer votre image de marque. Le parfum reste longtemps sur le T-shirt, m&#038;ecirc,me apr\u00e8s plusieurs lavages. Le parfum devient plus fort au contact du corps, gr\u00e2ce \u00e0 la temp\u00e9rature corporelle. Les tissus parfum\u00e9s sont aussi une brillante fa\u00e7on d&#8217;entamer la conversation lors de foires ou autres \u00e9v\u00e9nements publics. Diff\u00e9rents parfums possibles: menthe, chocolat, fraise, caf\u00e9, orange, citron, pomme, vanille, fresh air, g\u00e2teau, p&#038;ecirc,che.<\/p>\n","protected":false},"excerpt":{"rendered":"<p>(prix par 250 pi\u00e8ces)<\/p>\n<p>Un T-shirt de qualit\u00e9 avec votre parfum peut aider \u00e0 renforcer votre image de marque. Le parfum reste longtemps sur le T-shirt, m&#038;ecirc,me apr\u00e8s plusieurs lavages. Le parfum devient plus fort au contact du corps, gr\u00e2ce \u00e0 la temp\u00e9rature corporelle. Les tissus parfum\u00e9s sont aussi une brillante fa\u00e7on d&#8217;entamer la conversation lors de foires ou autres \u00e9v\u00e9nements publics. Diff\u00e9rents parfums possibles: menthe, chocolat, fraise, caf\u00e9, orange, citron, pomme, vanille, fresh air, g\u00e2teau, p&#038;ecirc,che.<\/p>\n<p> [&#8230;]<\/p>\n<p><a class=\"btn btn-secondary understrap-read-more-link\" href=\"https:\/\/promz.be\/fr\/product\/t-shirt-parfume\/\">Lire la suite&#8230;<\/a><\/p>\n","protected":false},"featured_media":8907,"comment_status":"closed","ping_status":"open","template":"","meta":[],"product_cat":[8745],"product_tag":[],"_links":{"self":[{"href":"https:\/\/promz.be\/fr\/wp-json\/wp\/v2\/product\/9709"}],"collection":[{"href":"https:\/\/promz.be\/fr\/wp-json\/wp\/v2\/product"}],"about":[{"href":"https:\/\/promz.be\/fr\/wp-json\/wp\/v2\/types\/product"}],"replies":[{"embeddable":true,"href":"https:\/\/promz.be\/fr\/wp-json\/wp\/v2\/comments?post=9709"}],"wp:featuredmedia":[{"embeddable":true,"href":"https:\/\/promz.be\/fr\/wp-json\/wp\/v2\/media\/8907"}],"wp:attachment":[{"href":"https:\/\/promz.be\/fr\/wp-json\/wp\/v2\/media?parent=9709"}],"wp:term":[{"taxonomy":"product_cat","embeddable":true,"href":"https:\/\/promz.be\/fr\/wp-json\/wp\/v2\/product_cat?post=9709"},{"taxonomy":"product_tag","embeddable":true,"href":"https:\/\/promz.be\/fr\/wp-json\/wp\/v2\/product_tag?post=9709"}],"curies":[{"name":"wp","href":"https:\/\/api.w.org\/{rel}","templated":true}]}}