{"id":9710,"date":"2017-08-15T00:00:00","date_gmt":"2017-08-15T00:00:00","guid":{"rendered":"https:\/\/promz.be\/product\/porte-gsm-magique\/"},"modified":"2018-07-18T08:35:20","modified_gmt":"2018-07-18T08:35:20","slug":"porte-gsm-magique","status":"publish","type":"product","link":"https:\/\/promz.be\/fr\/product\/porte-gsm-magique\/","title":{"rendered":"Porte GSM magique"},"content":{"rendered":"<p>(prix par 2500 pi\u00e8ces)<\/p>\n<p>Ce porte t\u00e9l\u00e9phone ultraplat se colle \u00e0 l&#8217;arri\u00e8re de votre GSM. Si vous appuyez au centre il s&#8217;ouvre comme par miracle. Pour le remettre a plat pour le glisser dans votre poche ou sac il suffit de cliquer dessus et il se replie compl\u00e8tement.<\/p>\n<p>Imprimable en full color sur sa surface avec votre logo ou message.<\/p>\n<p>Aussi super pour les formateurs Pokemon.<\/p>\n","protected":false},"excerpt":{"rendered":"<p>(prix par 2500 pi\u00e8ces)<\/p>\n<p>Ce porte t\u00e9l\u00e9phone ultraplat se colle \u00e0 l&#8217;arri\u00e8re de votre GSM. Si vous appuyez au centre il s&#8217;ouvre comme par miracle. Pour le remettre a plat pour le glisser dans votre poche ou sac il suffit de cliquer dessus et il se replie compl\u00e8tement.<\/p>\n<p>Imprimable en full color sur sa surface avec votre logo ou message.<\/p>\n<p>Aussi super pour les formateurs Pokemon.<\/p>\n<p> [&#8230;]<\/p>\n<p><a class=\"btn btn-secondary understrap-read-more-link\" href=\"https:\/\/promz.be\/fr\/product\/porte-gsm-magique\/\">Lire la suite&#8230;<\/a><\/p>\n","protected":false},"featured_media":9203,"comment_status":"closed","ping_status":"open","template":"","meta":[],"product_cat":[8745],"product_tag":[],"_links":{"self":[{"href":"https:\/\/promz.be\/fr\/wp-json\/wp\/v2\/product\/9710"}],"collection":[{"href":"https:\/\/promz.be\/fr\/wp-json\/wp\/v2\/product"}],"about":[{"href":"https:\/\/promz.be\/fr\/wp-json\/wp\/v2\/types\/product"}],"replies":[{"embeddable":true,"href":"https:\/\/promz.be\/fr\/wp-json\/wp\/v2\/comments?post=9710"}],"wp:featuredmedia":[{"embeddable":true,"href":"https:\/\/promz.be\/fr\/wp-json\/wp\/v2\/media\/9203"}],"wp:attachment":[{"href":"https:\/\/promz.be\/fr\/wp-json\/wp\/v2\/media?parent=9710"}],"wp:term":[{"taxonomy":"product_cat","embeddable":true,"href":"https:\/\/promz.be\/fr\/wp-json\/wp\/v2\/product_cat?post=9710"},{"taxonomy":"product_tag","embeddable":true,"href":"https:\/\/promz.be\/fr\/wp-json\/wp\/v2\/product_tag?post=9710"}],"curies":[{"name":"wp","href":"https:\/\/api.w.org\/{rel}","templated":true}]}}