{"id":9711,"date":"2017-08-24T00:00:00","date_gmt":"2017-08-24T00:00:00","guid":{"rendered":"https:\/\/promz.be\/product\/tattoos-velos\/"},"modified":"2018-07-18T08:35:20","modified_gmt":"2018-07-18T08:35:20","slug":"tattoos-velos","status":"publish","type":"product","link":"https:\/\/promz.be\/fr\/product\/tattoos-velos\/","title":{"rendered":"Tattoos v\u00e9los"},"content":{"rendered":"<p>(prix par 2500 pi\u00e8ces)<\/p>\n<p>Ces tattoos pour le v\u00e9lo sont r\u00e9fl\u00e9chissants. Ils sont fournis sur une carte de 11x7cm. Les autocollants peuvent &#038;ecirc,tre enti\u00e8rement d\u00e9cor\u00e9es \u00e0 votre go&#038;ucirc,t. Configuration co&#038;ucirc,te 95,00 Euro. La commande minimum est de 2500 pi\u00e8ces.<\/p>\n","protected":false},"excerpt":{"rendered":"<p>(prix par 2500 pi\u00e8ces)<\/p>\n<p>Ces tattoos pour le v\u00e9lo sont r\u00e9fl\u00e9chissants. Ils sont fournis sur une carte de 11x7cm. Les autocollants peuvent &#038;ecirc,tre enti\u00e8rement d\u00e9cor\u00e9es \u00e0 votre go&#038;ucirc,t. Configuration co&#038;ucirc,te 95,00 Euro. La commande minimum est de 2500 pi\u00e8ces.<\/p>\n<p> [&#8230;]<\/p>\n<p><a class=\"btn btn-secondary understrap-read-more-link\" href=\"https:\/\/promz.be\/fr\/product\/tattoos-velos\/\">Lire la suite&#8230;<\/a><\/p>\n","protected":false},"featured_media":7813,"comment_status":"closed","ping_status":"open","template":"","meta":[],"product_cat":[8745],"product_tag":[],"_links":{"self":[{"href":"https:\/\/promz.be\/fr\/wp-json\/wp\/v2\/product\/9711"}],"collection":[{"href":"https:\/\/promz.be\/fr\/wp-json\/wp\/v2\/product"}],"about":[{"href":"https:\/\/promz.be\/fr\/wp-json\/wp\/v2\/types\/product"}],"replies":[{"embeddable":true,"href":"https:\/\/promz.be\/fr\/wp-json\/wp\/v2\/comments?post=9711"}],"wp:featuredmedia":[{"embeddable":true,"href":"https:\/\/promz.be\/fr\/wp-json\/wp\/v2\/media\/7813"}],"wp:attachment":[{"href":"https:\/\/promz.be\/fr\/wp-json\/wp\/v2\/media?parent=9711"}],"wp:term":[{"taxonomy":"product_cat","embeddable":true,"href":"https:\/\/promz.be\/fr\/wp-json\/wp\/v2\/product_cat?post=9711"},{"taxonomy":"product_tag","embeddable":true,"href":"https:\/\/promz.be\/fr\/wp-json\/wp\/v2\/product_tag?post=9711"}],"curies":[{"name":"wp","href":"https:\/\/api.w.org\/{rel}","templated":true}]}}