{"id":9712,"date":"2018-01-26T00:00:00","date_gmt":"2018-01-26T00:00:00","guid":{"rendered":"https:\/\/promz.be\/product\/boite-a-mouchoirs-magique\/"},"modified":"2018-07-18T08:35:21","modified_gmt":"2018-07-18T08:35:21","slug":"boite-a-mouchoirs-magique","status":"publish","type":"product","link":"https:\/\/promz.be\/fr\/product\/boite-a-mouchoirs-magique\/","title":{"rendered":"Bo\u00eete \u00e0 mouchoirs magique"},"content":{"rendered":"<p>(prix par 2500 pi\u00e8ces)<\/p>\n<p>Par son fond statique, pour pourrez \u00e0 peine soulever ce box. <\/p>\n<p>Il reste donc bien sur la table quand pour voulez retirer un mouchoir.<\/p>\n<p>Jetez un &#038;oelig,il \u00e0 la vid\u00e9o. Tous les c\u00f4t\u00e9s de la bo&#038;icirc,te peuvent &#038;ecirc,tre imprim\u00e9s en full color.<\/p>\n","protected":false},"excerpt":{"rendered":"<p>(prix par 2500 pi\u00e8ces)<\/p>\n<p>Par son fond statique, pour pourrez \u00e0 peine soulever ce box. <\/p>\n<p>Il reste donc bien sur la table quand pour voulez retirer un mouchoir.<\/p>\n<p>Jetez un &#038;oelig,il \u00e0 la vid\u00e9o. Tous les c\u00f4t\u00e9s de la bo&#038;icirc,te peuvent &#038;ecirc,tre imprim\u00e9s en full color.<\/p>\n<p> [&#8230;]<\/p>\n<p><a class=\"btn btn-secondary understrap-read-more-link\" href=\"https:\/\/promz.be\/fr\/product\/boite-a-mouchoirs-magique\/\">Lire la suite&#8230;<\/a><\/p>\n","protected":false},"featured_media":9296,"comment_status":"closed","ping_status":"open","template":"","meta":[],"product_cat":[8745],"product_tag":[],"_links":{"self":[{"href":"https:\/\/promz.be\/fr\/wp-json\/wp\/v2\/product\/9712"}],"collection":[{"href":"https:\/\/promz.be\/fr\/wp-json\/wp\/v2\/product"}],"about":[{"href":"https:\/\/promz.be\/fr\/wp-json\/wp\/v2\/types\/product"}],"replies":[{"embeddable":true,"href":"https:\/\/promz.be\/fr\/wp-json\/wp\/v2\/comments?post=9712"}],"wp:featuredmedia":[{"embeddable":true,"href":"https:\/\/promz.be\/fr\/wp-json\/wp\/v2\/media\/9296"}],"wp:attachment":[{"href":"https:\/\/promz.be\/fr\/wp-json\/wp\/v2\/media?parent=9712"}],"wp:term":[{"taxonomy":"product_cat","embeddable":true,"href":"https:\/\/promz.be\/fr\/wp-json\/wp\/v2\/product_cat?post=9712"},{"taxonomy":"product_tag","embeddable":true,"href":"https:\/\/promz.be\/fr\/wp-json\/wp\/v2\/product_tag?post=9712"}],"curies":[{"name":"wp","href":"https:\/\/api.w.org\/{rel}","templated":true}]}}