{"id":9714,"date":"2018-03-12T00:00:00","date_gmt":"2018-03-12T00:00:00","guid":{"rendered":"https:\/\/promz.be\/product\/cafe-glace\/"},"modified":"2018-07-18T08:35:22","modified_gmt":"2018-07-18T08:35:22","slug":"cafe-glace","status":"publish","type":"product","link":"https:\/\/promz.be\/fr\/product\/cafe-glace\/","title":{"rendered":"Caf\u00e9 glac\u00e9"},"content":{"rendered":"<p>(prix par 2520 pi\u00e8ces)<\/p>\n<p>Un d\u00e9licieux caf\u00e9 glac\u00e9 en canette de 250ml. Impression en full color.<\/p>\n","protected":false},"excerpt":{"rendered":"<p>(prix par 2520 pi\u00e8ces)<\/p>\n<p>Un d\u00e9licieux caf\u00e9 glac\u00e9 en canette de 250ml. Impression en full color.<\/p>\n<p> [&#8230;]<\/p>\n<p><a class=\"btn btn-secondary understrap-read-more-link\" href=\"https:\/\/promz.be\/fr\/product\/cafe-glace\/\">Lire la suite&#8230;<\/a><\/p>\n","protected":false},"featured_media":7849,"comment_status":"closed","ping_status":"open","template":"","meta":[],"product_cat":[8745],"product_tag":[],"_links":{"self":[{"href":"https:\/\/promz.be\/fr\/wp-json\/wp\/v2\/product\/9714"}],"collection":[{"href":"https:\/\/promz.be\/fr\/wp-json\/wp\/v2\/product"}],"about":[{"href":"https:\/\/promz.be\/fr\/wp-json\/wp\/v2\/types\/product"}],"replies":[{"embeddable":true,"href":"https:\/\/promz.be\/fr\/wp-json\/wp\/v2\/comments?post=9714"}],"wp:featuredmedia":[{"embeddable":true,"href":"https:\/\/promz.be\/fr\/wp-json\/wp\/v2\/media\/7849"}],"wp:attachment":[{"href":"https:\/\/promz.be\/fr\/wp-json\/wp\/v2\/media?parent=9714"}],"wp:term":[{"taxonomy":"product_cat","embeddable":true,"href":"https:\/\/promz.be\/fr\/wp-json\/wp\/v2\/product_cat?post=9714"},{"taxonomy":"product_tag","embeddable":true,"href":"https:\/\/promz.be\/fr\/wp-json\/wp\/v2\/product_tag?post=9714"}],"curies":[{"name":"wp","href":"https:\/\/api.w.org\/{rel}","templated":true}]}}