{"id":9717,"date":"2017-07-06T00:00:00","date_gmt":"2017-07-06T00:00:00","guid":{"rendered":"https:\/\/promz.be\/product\/boite-a-bonbons-tic-et-tactique\/"},"modified":"2018-07-18T08:35:24","modified_gmt":"2018-07-18T08:35:24","slug":"boite-a-bonbons-tic-et-tactique","status":"publish","type":"product","link":"https:\/\/promz.be\/fr\/product\/boite-a-bonbons-tic-et-tactique\/","title":{"rendered":"Bo\u00eete \u00e0 bonbons TIC et TACtique"},"content":{"rendered":"<p>(prix par 3000 pi\u00e8ces)<\/p>\n<p>Bo&#038;icirc,te \u00e0 bonbons \u00e9tiquet\u00e9e remplie de bonbons ronds \u00e0 la forme bien connue, saveur menthe ou fruit\u00e9e. Contient 17 grammes. Le prix comprend une impression monochrome sur l&#8217;\u00e9tiquette , contactez-nous pour une impression multicolore.<\/p>\n","protected":false},"excerpt":{"rendered":"<p>(prix par 3000 pi\u00e8ces)<\/p>\n<p>Bo&#038;icirc,te \u00e0 bonbons \u00e9tiquet\u00e9e remplie de bonbons ronds \u00e0 la forme bien connue, saveur menthe ou fruit\u00e9e. Contient 17 grammes. Le prix comprend une impression monochrome sur l&#8217;\u00e9tiquette , contactez-nous pour une impression multicolore.<\/p>\n<p> [&#8230;]<\/p>\n<p><a class=\"btn btn-secondary understrap-read-more-link\" href=\"https:\/\/promz.be\/fr\/product\/boite-a-bonbons-tic-et-tactique\/\">Lire la suite&#8230;<\/a><\/p>\n","protected":false},"featured_media":7264,"comment_status":"closed","ping_status":"open","template":"","meta":[],"product_cat":[8745],"product_tag":[],"_links":{"self":[{"href":"https:\/\/promz.be\/fr\/wp-json\/wp\/v2\/product\/9717"}],"collection":[{"href":"https:\/\/promz.be\/fr\/wp-json\/wp\/v2\/product"}],"about":[{"href":"https:\/\/promz.be\/fr\/wp-json\/wp\/v2\/types\/product"}],"replies":[{"embeddable":true,"href":"https:\/\/promz.be\/fr\/wp-json\/wp\/v2\/comments?post=9717"}],"wp:featuredmedia":[{"embeddable":true,"href":"https:\/\/promz.be\/fr\/wp-json\/wp\/v2\/media\/7264"}],"wp:attachment":[{"href":"https:\/\/promz.be\/fr\/wp-json\/wp\/v2\/media?parent=9717"}],"wp:term":[{"taxonomy":"product_cat","embeddable":true,"href":"https:\/\/promz.be\/fr\/wp-json\/wp\/v2\/product_cat?post=9717"},{"taxonomy":"product_tag","embeddable":true,"href":"https:\/\/promz.be\/fr\/wp-json\/wp\/v2\/product_tag?post=9717"}],"curies":[{"name":"wp","href":"https:\/\/api.w.org\/{rel}","templated":true}]}}