{"id":9719,"date":"2017-10-02T00:00:00","date_gmt":"2017-10-02T00:00:00","guid":{"rendered":"https:\/\/promz.be\/product\/pare-soleil-voiture-en-carton\/"},"modified":"2018-07-18T08:35:26","modified_gmt":"2018-07-18T08:35:26","slug":"pare-soleil-voiture-en-carton","status":"publish","type":"product","link":"https:\/\/promz.be\/fr\/product\/pare-soleil-voiture-en-carton\/","title":{"rendered":"Pare soleil voiture en carton"},"content":{"rendered":"<p>(prix par 3000 pi\u00e8ces)<\/p>\n<p>Pare soleil universel pour diff\u00e9rents mod\u00e8les et marques de voitures. En carton ondul\u00e9 blanc, autres couleurs sur demande.Commande minimum 1500 pi\u00e8ces, peuvent &#038;ecirc,tre imprim\u00e9s jusqu&#8217;\u00e0 3 couleurs. Le prix indiqu\u00e9 est pour une impression en une seule couleur.<\/p>\n","protected":false},"excerpt":{"rendered":"<p>(prix par 3000 pi\u00e8ces)<\/p>\n<p>Pare soleil universel pour diff\u00e9rents mod\u00e8les et marques de voitures. En carton ondul\u00e9 blanc, autres couleurs sur demande.Commande minimum 1500 pi\u00e8ces, peuvent &#038;ecirc,tre imprim\u00e9s jusqu&#8217;\u00e0 3 couleurs. Le prix indiqu\u00e9 est pour une impression en une seule couleur.<\/p>\n<p> [&#8230;]<\/p>\n<p><a class=\"btn btn-secondary understrap-read-more-link\" href=\"https:\/\/promz.be\/fr\/product\/pare-soleil-voiture-en-carton\/\">Lire la suite&#8230;<\/a><\/p>\n","protected":false},"featured_media":6195,"comment_status":"closed","ping_status":"open","template":"","meta":[],"product_cat":[8745],"product_tag":[],"_links":{"self":[{"href":"https:\/\/promz.be\/fr\/wp-json\/wp\/v2\/product\/9719"}],"collection":[{"href":"https:\/\/promz.be\/fr\/wp-json\/wp\/v2\/product"}],"about":[{"href":"https:\/\/promz.be\/fr\/wp-json\/wp\/v2\/types\/product"}],"replies":[{"embeddable":true,"href":"https:\/\/promz.be\/fr\/wp-json\/wp\/v2\/comments?post=9719"}],"wp:featuredmedia":[{"embeddable":true,"href":"https:\/\/promz.be\/fr\/wp-json\/wp\/v2\/media\/6195"}],"wp:attachment":[{"href":"https:\/\/promz.be\/fr\/wp-json\/wp\/v2\/media?parent=9719"}],"wp:term":[{"taxonomy":"product_cat","embeddable":true,"href":"https:\/\/promz.be\/fr\/wp-json\/wp\/v2\/product_cat?post=9719"},{"taxonomy":"product_tag","embeddable":true,"href":"https:\/\/promz.be\/fr\/wp-json\/wp\/v2\/product_tag?post=9719"}],"curies":[{"name":"wp","href":"https:\/\/api.w.org\/{rel}","templated":true}]}}