{"id":9721,"date":"2018-04-09T00:00:00","date_gmt":"2018-04-09T00:00:00","guid":{"rendered":"https:\/\/promz.be\/product\/sac-en-coton-avec-etiquette\/"},"modified":"2018-07-18T08:35:26","modified_gmt":"2018-07-18T08:35:26","slug":"sac-en-coton-avec-etiquette","status":"publish","type":"product","link":"https:\/\/promz.be\/fr\/product\/sac-en-coton-avec-etiquette\/","title":{"rendered":"Sac en coton avec \u00e9tiquette"},"content":{"rendered":"<p>(prix par 3000 pi\u00e8ces)<\/p>\n<p>Voici un super sac en coton avec 1 \u00e9tiquette sur le c\u00f4t\u00e9 pour votre logo \/ message. Vous pouvez aussi le personnaliser en choisissant la couleur, la taille ou autres d\u00e9tails suivant votre imagination. Le prix indiqu\u00e9 comprend l&#8217;impression en 1 couleur sur 1 c\u00f4t\u00e9. D\u00e9lai de livraison : 12 semaines. Disponible \u00e0 partir de 3000 pi\u00e8ces.<\/p>\n","protected":false},"excerpt":{"rendered":"<p>(prix par 3000 pi\u00e8ces)<\/p>\n<p>Voici un super sac en coton avec 1 \u00e9tiquette sur le c\u00f4t\u00e9 pour votre logo \/ message. Vous pouvez aussi le personnaliser en choisissant la couleur, la taille ou autres d\u00e9tails suivant votre imagination. Le prix indiqu\u00e9 comprend l&#8217;impression en 1 couleur sur 1 c\u00f4t\u00e9. D\u00e9lai de livraison : 12 semaines. Disponible \u00e0 partir de 3000 pi\u00e8ces.<\/p>\n<p> [&#8230;]<\/p>\n<p><a class=\"btn btn-secondary understrap-read-more-link\" href=\"https:\/\/promz.be\/fr\/product\/sac-en-coton-avec-etiquette\/\">Lire la suite&#8230;<\/a><\/p>\n","protected":false},"featured_media":9138,"comment_status":"closed","ping_status":"open","template":"","meta":[],"product_cat":[8745],"product_tag":[],"_links":{"self":[{"href":"https:\/\/promz.be\/fr\/wp-json\/wp\/v2\/product\/9721"}],"collection":[{"href":"https:\/\/promz.be\/fr\/wp-json\/wp\/v2\/product"}],"about":[{"href":"https:\/\/promz.be\/fr\/wp-json\/wp\/v2\/types\/product"}],"replies":[{"embeddable":true,"href":"https:\/\/promz.be\/fr\/wp-json\/wp\/v2\/comments?post=9721"}],"wp:featuredmedia":[{"embeddable":true,"href":"https:\/\/promz.be\/fr\/wp-json\/wp\/v2\/media\/9138"}],"wp:attachment":[{"href":"https:\/\/promz.be\/fr\/wp-json\/wp\/v2\/media?parent=9721"}],"wp:term":[{"taxonomy":"product_cat","embeddable":true,"href":"https:\/\/promz.be\/fr\/wp-json\/wp\/v2\/product_cat?post=9721"},{"taxonomy":"product_tag","embeddable":true,"href":"https:\/\/promz.be\/fr\/wp-json\/wp\/v2\/product_tag?post=9721"}],"curies":[{"name":"wp","href":"https:\/\/api.w.org\/{rel}","templated":true}]}}