{"id":9722,"date":"2017-08-15T00:00:00","date_gmt":"2017-08-15T00:00:00","guid":{"rendered":"https:\/\/promz.be\/product\/coussin-a-bicyclette\/"},"modified":"2018-07-18T08:35:27","modified_gmt":"2018-07-18T08:35:27","slug":"coussin-a-bicyclette","status":"publish","type":"product","link":"https:\/\/promz.be\/fr\/product\/coussin-a-bicyclette\/","title":{"rendered":"Coussin \u00e0 bicyclette"},"content":{"rendered":"<p>(prix par 3500 pi\u00e8ces)<\/p>\n<p>Avec ce cadeau publicitaire, il ne sera plus inconfortable de voyager sur le porte-bagage de votre v\u00e9lo. Ce coussin pour porte-bagage peut &#038;ecirc,tre facilement attach\u00e9 au porte-bagage gr\u00e2ce aux bandes velcro.<\/p>\n","protected":false},"excerpt":{"rendered":"<p>(prix par 3500 pi\u00e8ces)<\/p>\n<p>Avec ce cadeau publicitaire, il ne sera plus inconfortable de voyager sur le porte-bagage de votre v\u00e9lo. Ce coussin pour porte-bagage peut &#038;ecirc,tre facilement attach\u00e9 au porte-bagage gr\u00e2ce aux bandes velcro.<\/p>\n<p> [&#8230;]<\/p>\n<p><a class=\"btn btn-secondary understrap-read-more-link\" href=\"https:\/\/promz.be\/fr\/product\/coussin-a-bicyclette\/\">Lire la suite&#8230;<\/a><\/p>\n","protected":false},"featured_media":7825,"comment_status":"closed","ping_status":"open","template":"","meta":[],"product_cat":[8745],"product_tag":[],"_links":{"self":[{"href":"https:\/\/promz.be\/fr\/wp-json\/wp\/v2\/product\/9722"}],"collection":[{"href":"https:\/\/promz.be\/fr\/wp-json\/wp\/v2\/product"}],"about":[{"href":"https:\/\/promz.be\/fr\/wp-json\/wp\/v2\/types\/product"}],"replies":[{"embeddable":true,"href":"https:\/\/promz.be\/fr\/wp-json\/wp\/v2\/comments?post=9722"}],"wp:featuredmedia":[{"embeddable":true,"href":"https:\/\/promz.be\/fr\/wp-json\/wp\/v2\/media\/7825"}],"wp:attachment":[{"href":"https:\/\/promz.be\/fr\/wp-json\/wp\/v2\/media?parent=9722"}],"wp:term":[{"taxonomy":"product_cat","embeddable":true,"href":"https:\/\/promz.be\/fr\/wp-json\/wp\/v2\/product_cat?post=9722"},{"taxonomy":"product_tag","embeddable":true,"href":"https:\/\/promz.be\/fr\/wp-json\/wp\/v2\/product_tag?post=9722"}],"curies":[{"name":"wp","href":"https:\/\/api.w.org\/{rel}","templated":true}]}}