{"id":9724,"date":"2017-12-28T00:00:00","date_gmt":"2017-12-28T00:00:00","guid":{"rendered":"https:\/\/promz.be\/product\/ferrero-rocher-presente-dans-une-boite\/"},"modified":"2018-07-18T08:35:27","modified_gmt":"2018-07-18T08:35:27","slug":"ferrero-rocher-presente-dans-une-boite","status":"publish","type":"product","link":"https:\/\/promz.be\/fr\/product\/ferrero-rocher-presente-dans-une-boite\/","title":{"rendered":"Ferrero Rocher pr\u00e9sent\u00e9 dans une bo\u00eete"},"content":{"rendered":"<p>(prix par 450 pi\u00e8ces)<\/p>\n<p>Offrez \u00e0 vos clients ou \u00e0 votre personnel une belle bo&#038;icirc,te personnalis\u00e9e avec 1 Ferrero Rocher. Cette bo&#038;icirc,te peut &#038;ecirc,tre imprim\u00e9 avec votre image ou un message. Commande minimum: 250 bo&#038;icirc,tes<\/p>\n","protected":false},"excerpt":{"rendered":"<p>(prix par 450 pi\u00e8ces)<\/p>\n<p>Offrez \u00e0 vos clients ou \u00e0 votre personnel une belle bo&#038;icirc,te personnalis\u00e9e avec 1 Ferrero Rocher. Cette bo&#038;icirc,te peut &#038;ecirc,tre imprim\u00e9 avec votre image ou un message. Commande minimum: 250 bo&#038;icirc,tes<\/p>\n<p> [&#8230;]<\/p>\n<p><a class=\"btn btn-secondary understrap-read-more-link\" href=\"https:\/\/promz.be\/fr\/product\/ferrero-rocher-presente-dans-une-boite\/\">Lire la suite&#8230;<\/a><\/p>\n","protected":false},"featured_media":7852,"comment_status":"closed","ping_status":"open","template":"","meta":[],"product_cat":[8745],"product_tag":[],"_links":{"self":[{"href":"https:\/\/promz.be\/fr\/wp-json\/wp\/v2\/product\/9724"}],"collection":[{"href":"https:\/\/promz.be\/fr\/wp-json\/wp\/v2\/product"}],"about":[{"href":"https:\/\/promz.be\/fr\/wp-json\/wp\/v2\/types\/product"}],"replies":[{"embeddable":true,"href":"https:\/\/promz.be\/fr\/wp-json\/wp\/v2\/comments?post=9724"}],"wp:featuredmedia":[{"embeddable":true,"href":"https:\/\/promz.be\/fr\/wp-json\/wp\/v2\/media\/7852"}],"wp:attachment":[{"href":"https:\/\/promz.be\/fr\/wp-json\/wp\/v2\/media?parent=9724"}],"wp:term":[{"taxonomy":"product_cat","embeddable":true,"href":"https:\/\/promz.be\/fr\/wp-json\/wp\/v2\/product_cat?post=9724"},{"taxonomy":"product_tag","embeddable":true,"href":"https:\/\/promz.be\/fr\/wp-json\/wp\/v2\/product_tag?post=9724"}],"curies":[{"name":"wp","href":"https:\/\/api.w.org\/{rel}","templated":true}]}}