{"id":9725,"date":"2017-10-26T00:00:00","date_gmt":"2017-10-26T00:00:00","guid":{"rendered":"https:\/\/promz.be\/product\/chaussettes-personnalisees\/"},"modified":"2018-07-18T08:35:28","modified_gmt":"2018-07-18T08:35:28","slug":"chaussettes-personnalisees","status":"publish","type":"product","link":"https:\/\/promz.be\/fr\/product\/chaussettes-personnalisees\/","title":{"rendered":"Chaussettes personnalis\u00e9es"},"content":{"rendered":"<p>(prix par 500 pi\u00e8ces)<\/p>\n<p><span id=result_box lang=fr>Chaussettes personnalis\u00e9es , un must pour toutes les \u00e9quipes sportives. Vous en avez assez de voir des chaussettes <span class=hps alt-edited>ordinaires ? Pensez alors \u00e0 les personnaliser. Une id\u00e9e \u00e0 la mode et id\u00e9ale si vous voulez vous d\u00e9marquer.<\/p>\n<div id=gt-edit style=display: none,>\n<div style=width: 100%,><textarea id=contribute-target class=goog-textarea style=height: auto, padding-right: 20px, -ms-overflow-x: auto, -ms-overflow-y: hidden, box-sizing: border-box, dir=ltr tabindex=0 name=edit-text rows=1><\/textarea><\/p>\n","protected":false},"excerpt":{"rendered":"<p>(prix par 500 pi\u00e8ces)<\/p>\n<p><span id=result_box lang=fr>Chaussettes personnalis\u00e9es , un must pour toutes les \u00e9quipes sportives. Vous en avez assez de voir des chaussettes <span class=hps alt-edited>ordinaires ? Pensez alors \u00e0 les personnaliser. Une id\u00e9e \u00e0 la mode et id\u00e9ale si vous voulez vous d\u00e9marquer.<\/p>\n<div id=gt-edit style=display: none,>\n<div style=width: 100%,><textarea id=contribute-target class=goog-textarea style=height: auto, padding-right: 20px, -ms-overflow-x: auto, -ms-overflow-y: hidden, box-sizing: border-box, dir=ltr tabindex=0 name=edit-text rows=1><\/textarea> [&#8230;]<\/p>\n<p><a class=\"btn btn-secondary understrap-read-more-link\" href=\"https:\/\/promz.be\/fr\/product\/chaussettes-personnalisees\/\">Lire la suite&#8230;<\/a><\/p>\n","protected":false},"featured_media":9012,"comment_status":"closed","ping_status":"open","template":"","meta":[],"product_cat":[8745],"product_tag":[],"_links":{"self":[{"href":"https:\/\/promz.be\/fr\/wp-json\/wp\/v2\/product\/9725"}],"collection":[{"href":"https:\/\/promz.be\/fr\/wp-json\/wp\/v2\/product"}],"about":[{"href":"https:\/\/promz.be\/fr\/wp-json\/wp\/v2\/types\/product"}],"replies":[{"embeddable":true,"href":"https:\/\/promz.be\/fr\/wp-json\/wp\/v2\/comments?post=9725"}],"wp:featuredmedia":[{"embeddable":true,"href":"https:\/\/promz.be\/fr\/wp-json\/wp\/v2\/media\/9012"}],"wp:attachment":[{"href":"https:\/\/promz.be\/fr\/wp-json\/wp\/v2\/media?parent=9725"}],"wp:term":[{"taxonomy":"product_cat","embeddable":true,"href":"https:\/\/promz.be\/fr\/wp-json\/wp\/v2\/product_cat?post=9725"},{"taxonomy":"product_tag","embeddable":true,"href":"https:\/\/promz.be\/fr\/wp-json\/wp\/v2\/product_tag?post=9725"}],"curies":[{"name":"wp","href":"https:\/\/api.w.org\/{rel}","templated":true}]}}