{"id":9726,"date":"2017-07-13T00:00:00","date_gmt":"2017-07-13T00:00:00","guid":{"rendered":"https:\/\/promz.be\/product\/fer-a-cheval-rouille-en-chocolat\/"},"modified":"2018-07-18T08:35:28","modified_gmt":"2018-07-18T08:35:28","slug":"fer-a-cheval-rouille-en-chocolat","status":"publish","type":"product","link":"https:\/\/promz.be\/fr\/product\/fer-a-cheval-rouille-en-chocolat\/","title":{"rendered":"Fer \u00e0 cheval rouill\u00e9 en chocolat"},"content":{"rendered":"<p>(prix par 500 pi\u00e8ces)<\/p>\n<p><span style=color: black, font-family: 'Verdana',sans-serif, font-size: 7.5pt, mso-fareast-font-family: 'Times New Roman', mso-bidi-font-family: 'Times New Roman', mso-ansi-language: FR, mso-fareast-language: NL-BE, lang=FR>Lors d&#8217;une recherche de nouveaux produits, nous avons rencontr\u00e9 par hasard une ancienne grange. L&#8217;agriculteur avait ses outils stock\u00e9s pendant des ann\u00e9es ce qui a faits rouill\u00e9 tous ces outils par l&#8217;humidit\u00e9. Ce qui a faits inspirer notre chocolatier \u00e0 produire toute une gamme d&#8217;outils rouill\u00e9s et autres objets m\u00e9talliques. Comme ce boulon rouill\u00e9 de d\u00e9licieux chocolat. Fait \u00e0 la main de +\/- 75 gr. de chocolat noir. <\/p>\n","protected":false},"excerpt":{"rendered":"<p>(prix par 500 pi\u00e8ces)<\/p>\n<p><span style=color: black, font-family: 'Verdana',sans-serif, font-size: 7.5pt, mso-fareast-font-family: 'Times New Roman', mso-bidi-font-family: 'Times New Roman', mso-ansi-language: FR, mso-fareast-language: NL-BE, lang=FR>Lors d&#8217;une recherche de nouveaux produits, nous avons rencontr\u00e9 par hasard une ancienne grange. L&#8217;agriculteur avait ses outils stock\u00e9s pendant des ann\u00e9es ce qui a faits rouill\u00e9 tous ces outils par l&#8217;humidit\u00e9. Ce qui a faits inspirer notre chocolatier \u00e0 produire toute une gamme d&#8217;outils rouill\u00e9s et autres objets m\u00e9talliques. Comme ce boulon rouill\u00e9 de d\u00e9licieux chocolat. Fait \u00e0 la main de +\/- 75 gr. de chocolat noir. <\/p>\n<p> [&#8230;]<\/p>\n<p><a class=\"btn btn-secondary understrap-read-more-link\" href=\"https:\/\/promz.be\/fr\/product\/fer-a-cheval-rouille-en-chocolat\/\">Lire la suite&#8230;<\/a><\/p>\n","protected":false},"featured_media":7270,"comment_status":"closed","ping_status":"open","template":"","meta":[],"product_cat":[8745],"product_tag":[],"_links":{"self":[{"href":"https:\/\/promz.be\/fr\/wp-json\/wp\/v2\/product\/9726"}],"collection":[{"href":"https:\/\/promz.be\/fr\/wp-json\/wp\/v2\/product"}],"about":[{"href":"https:\/\/promz.be\/fr\/wp-json\/wp\/v2\/types\/product"}],"replies":[{"embeddable":true,"href":"https:\/\/promz.be\/fr\/wp-json\/wp\/v2\/comments?post=9726"}],"wp:featuredmedia":[{"embeddable":true,"href":"https:\/\/promz.be\/fr\/wp-json\/wp\/v2\/media\/7270"}],"wp:attachment":[{"href":"https:\/\/promz.be\/fr\/wp-json\/wp\/v2\/media?parent=9726"}],"wp:term":[{"taxonomy":"product_cat","embeddable":true,"href":"https:\/\/promz.be\/fr\/wp-json\/wp\/v2\/product_cat?post=9726"},{"taxonomy":"product_tag","embeddable":true,"href":"https:\/\/promz.be\/fr\/wp-json\/wp\/v2\/product_tag?post=9726"}],"curies":[{"name":"wp","href":"https:\/\/api.w.org\/{rel}","templated":true}]}}