{"id":9729,"date":"2017-08-29T00:00:00","date_gmt":"2017-08-29T00:00:00","guid":{"rendered":"https:\/\/promz.be\/product\/bougie-avec-impression\/"},"modified":"2018-07-18T08:35:29","modified_gmt":"2018-07-18T08:35:29","slug":"bougie-avec-impression","status":"publish","type":"product","link":"https:\/\/promz.be\/fr\/product\/bougie-avec-impression\/","title":{"rendered":"Bougie avec impression"},"content":{"rendered":"<p>(prix par 500 pi\u00e8ces)<\/p>\n<p>Bougie de qualit\u00e9 avec impression de votre logo et\/ou texte. Cadeau id\u00e9al lors d&#8217;un jubil\u00e9, mariage ou tout autre \u00e9v\u00e9nement.<\/p>\n","protected":false},"excerpt":{"rendered":"<p>(prix par 500 pi\u00e8ces)<\/p>\n<p>Bougie de qualit\u00e9 avec impression de votre logo et\/ou texte. Cadeau id\u00e9al lors d&#8217;un jubil\u00e9, mariage ou tout autre \u00e9v\u00e9nement.<\/p>\n<p> [&#8230;]<\/p>\n<p><a class=\"btn btn-secondary understrap-read-more-link\" href=\"https:\/\/promz.be\/fr\/product\/bougie-avec-impression\/\">Lire la suite&#8230;<\/a><\/p>\n","protected":false},"featured_media":8000,"comment_status":"closed","ping_status":"open","template":"","meta":[],"product_cat":[8745],"product_tag":[],"_links":{"self":[{"href":"https:\/\/promz.be\/fr\/wp-json\/wp\/v2\/product\/9729"}],"collection":[{"href":"https:\/\/promz.be\/fr\/wp-json\/wp\/v2\/product"}],"about":[{"href":"https:\/\/promz.be\/fr\/wp-json\/wp\/v2\/types\/product"}],"replies":[{"embeddable":true,"href":"https:\/\/promz.be\/fr\/wp-json\/wp\/v2\/comments?post=9729"}],"wp:featuredmedia":[{"embeddable":true,"href":"https:\/\/promz.be\/fr\/wp-json\/wp\/v2\/media\/8000"}],"wp:attachment":[{"href":"https:\/\/promz.be\/fr\/wp-json\/wp\/v2\/media?parent=9729"}],"wp:term":[{"taxonomy":"product_cat","embeddable":true,"href":"https:\/\/promz.be\/fr\/wp-json\/wp\/v2\/product_cat?post=9729"},{"taxonomy":"product_tag","embeddable":true,"href":"https:\/\/promz.be\/fr\/wp-json\/wp\/v2\/product_tag?post=9729"}],"curies":[{"name":"wp","href":"https:\/\/api.w.org\/{rel}","templated":true}]}}