{"id":9730,"date":"2017-09-29T00:00:00","date_gmt":"2017-09-29T00:00:00","guid":{"rendered":"https:\/\/promz.be\/product\/le-plus-long-aimant-de-poche-du-monde\/"},"modified":"2018-07-18T08:35:30","modified_gmt":"2018-07-18T08:35:30","slug":"le-plus-long-aimant-de-poche-du-monde","status":"publish","type":"product","link":"https:\/\/promz.be\/fr\/product\/le-plus-long-aimant-de-poche-du-monde\/","title":{"rendered":"Le plus long  aimant de poche du monde"},"content":{"rendered":"<p>(prix par 500 pi\u00e8ces)<\/p>\n<p>Ce m\u00e8tre pliant comporte un aimant int\u00e9gr\u00e9 dans le haut avec une force de traction de 400 grammes. Vis, clous, cl\u00e9s et \/ ou autres outils, ne lui resistent pas. L&#8217;aimant est r\u00e9alis\u00e9 en n\u00e9odyme, le mat\u00e9riau magn\u00e9tique plus fort du monde. En outre l&#8217;aimant peut &#038;ecirc,tre utilis\u00e9 comme une \u00abmain\u00bb pour maintenir les angles,&#8230;<\/p>\n<p>Un m\u00e8tre professionnel de 2m, blanc, avec une pr\u00e9cision de mesure \u00e9lev\u00e9e . Fait de bois de h&#038;ecirc,tre .Garantie de 5 ans sur l&#8217;aimant. Max format d&#8217;impression : 170 x 25 mm<\/p>\n","protected":false},"excerpt":{"rendered":"<p>(prix par 500 pi\u00e8ces)<\/p>\n<p>Ce m\u00e8tre pliant comporte un aimant int\u00e9gr\u00e9 dans le haut avec une force de traction de 400 grammes. Vis, clous, cl\u00e9s et \/ ou autres outils, ne lui resistent pas. L&#8217;aimant est r\u00e9alis\u00e9 en n\u00e9odyme, le mat\u00e9riau magn\u00e9tique plus fort du monde. En outre l&#8217;aimant peut &#038;ecirc,tre utilis\u00e9 comme une \u00abmain\u00bb pour maintenir les angles,&#8230;<\/p>\n<p>Un m\u00e8tre professionnel de 2m, blanc, avec une pr\u00e9cision de mesure \u00e9lev\u00e9e . Fait de bois de h&#038;ecirc,tre .Garantie de 5 ans sur l&#8217;aimant. Max format d&#8217;impression : 170 x 25 mm<\/p>\n<p> [&#8230;]<\/p>\n<p><a class=\"btn btn-secondary understrap-read-more-link\" href=\"https:\/\/promz.be\/fr\/product\/le-plus-long-aimant-de-poche-du-monde\/\">Lire la suite&#8230;<\/a><\/p>\n","protected":false},"featured_media":7411,"comment_status":"closed","ping_status":"open","template":"","meta":[],"product_cat":[8745],"product_tag":[],"_links":{"self":[{"href":"https:\/\/promz.be\/fr\/wp-json\/wp\/v2\/product\/9730"}],"collection":[{"href":"https:\/\/promz.be\/fr\/wp-json\/wp\/v2\/product"}],"about":[{"href":"https:\/\/promz.be\/fr\/wp-json\/wp\/v2\/types\/product"}],"replies":[{"embeddable":true,"href":"https:\/\/promz.be\/fr\/wp-json\/wp\/v2\/comments?post=9730"}],"wp:featuredmedia":[{"embeddable":true,"href":"https:\/\/promz.be\/fr\/wp-json\/wp\/v2\/media\/7411"}],"wp:attachment":[{"href":"https:\/\/promz.be\/fr\/wp-json\/wp\/v2\/media?parent=9730"}],"wp:term":[{"taxonomy":"product_cat","embeddable":true,"href":"https:\/\/promz.be\/fr\/wp-json\/wp\/v2\/product_cat?post=9730"},{"taxonomy":"product_tag","embeddable":true,"href":"https:\/\/promz.be\/fr\/wp-json\/wp\/v2\/product_tag?post=9730"}],"curies":[{"name":"wp","href":"https:\/\/api.w.org\/{rel}","templated":true}]}}