{"id":9732,"date":"2017-11-24T00:00:00","date_gmt":"2017-11-24T00:00:00","guid":{"rendered":"https:\/\/promz.be\/product\/cle-a-molette-en-chocolat\/"},"modified":"2018-07-18T08:35:31","modified_gmt":"2018-07-18T08:35:31","slug":"cle-a-molette-en-chocolat","status":"publish","type":"product","link":"https:\/\/promz.be\/fr\/product\/cle-a-molette-en-chocolat\/","title":{"rendered":"Cl\u00e9 \u00e0 molette en chocolat"},"content":{"rendered":"<p>(prix par 500 pi\u00e8ces)<\/p>\n<p>Cl\u00e9 en chocolat &#8211; 55 grsDisponible en deux tailles. Le prix mentionn\u00e9 est pour la petite cl\u00e9. Emball\u00e9 dans une bo&#038;icirc,te transparente.<\/p>\n","protected":false},"excerpt":{"rendered":"<p>(prix par 500 pi\u00e8ces)<\/p>\n<p>Cl\u00e9 en chocolat &#8211; 55 grsDisponible en deux tailles. Le prix mentionn\u00e9 est pour la petite cl\u00e9. Emball\u00e9 dans une bo&#038;icirc,te transparente.<\/p>\n<p> [&#8230;]<\/p>\n<p><a class=\"btn btn-secondary understrap-read-more-link\" href=\"https:\/\/promz.be\/fr\/product\/cle-a-molette-en-chocolat\/\">Lire la suite&#8230;<\/a><\/p>\n","protected":false},"featured_media":7267,"comment_status":"closed","ping_status":"open","template":"","meta":[],"product_cat":[8745],"product_tag":[],"_links":{"self":[{"href":"https:\/\/promz.be\/fr\/wp-json\/wp\/v2\/product\/9732"}],"collection":[{"href":"https:\/\/promz.be\/fr\/wp-json\/wp\/v2\/product"}],"about":[{"href":"https:\/\/promz.be\/fr\/wp-json\/wp\/v2\/types\/product"}],"replies":[{"embeddable":true,"href":"https:\/\/promz.be\/fr\/wp-json\/wp\/v2\/comments?post=9732"}],"wp:featuredmedia":[{"embeddable":true,"href":"https:\/\/promz.be\/fr\/wp-json\/wp\/v2\/media\/7267"}],"wp:attachment":[{"href":"https:\/\/promz.be\/fr\/wp-json\/wp\/v2\/media?parent=9732"}],"wp:term":[{"taxonomy":"product_cat","embeddable":true,"href":"https:\/\/promz.be\/fr\/wp-json\/wp\/v2\/product_cat?post=9732"},{"taxonomy":"product_tag","embeddable":true,"href":"https:\/\/promz.be\/fr\/wp-json\/wp\/v2\/product_tag?post=9732"}],"curies":[{"name":"wp","href":"https:\/\/api.w.org\/{rel}","templated":true}]}}