{"id":9733,"date":"2017-09-27T00:00:00","date_gmt":"2017-09-27T00:00:00","guid":{"rendered":"https:\/\/promz.be\/product\/le-bloque-vent\/"},"modified":"2018-07-18T08:35:31","modified_gmt":"2018-07-18T08:35:31","slug":"le-bloque-vent","status":"publish","type":"product","link":"https:\/\/promz.be\/fr\/product\/le-bloque-vent\/","title":{"rendered":"Le Bloque vent"},"content":{"rendered":"<p>(prix par 500 pi\u00e8ces)<\/p>\n<p>Clipsez ce bloqueur en mousse sur votre portable et vous n&#8217;aurez plus le bruit du vent pendant les appels t\u00e9l\u00e9phoniques et les enregistrements vid\u00e9o. <\/p>\n<p>Le bloqueur est fourni sous blister et comprend un doming \u00e0 personnaliser.<\/p>\n","protected":false},"excerpt":{"rendered":"<p>(prix par 500 pi\u00e8ces)<\/p>\n<p>Clipsez ce bloqueur en mousse sur votre portable et vous n&#8217;aurez plus le bruit du vent pendant les appels t\u00e9l\u00e9phoniques et les enregistrements vid\u00e9o. <\/p>\n<p>Le bloqueur est fourni sous blister et comprend un doming \u00e0 personnaliser.<\/p>\n<p> [&#8230;]<\/p>\n<p><a class=\"btn btn-secondary understrap-read-more-link\" href=\"https:\/\/promz.be\/fr\/product\/le-bloque-vent\/\">Lire la suite&#8230;<\/a><\/p>\n","protected":false},"featured_media":9206,"comment_status":"closed","ping_status":"open","template":"","meta":[],"product_cat":[8745],"product_tag":[],"_links":{"self":[{"href":"https:\/\/promz.be\/fr\/wp-json\/wp\/v2\/product\/9733"}],"collection":[{"href":"https:\/\/promz.be\/fr\/wp-json\/wp\/v2\/product"}],"about":[{"href":"https:\/\/promz.be\/fr\/wp-json\/wp\/v2\/types\/product"}],"replies":[{"embeddable":true,"href":"https:\/\/promz.be\/fr\/wp-json\/wp\/v2\/comments?post=9733"}],"wp:featuredmedia":[{"embeddable":true,"href":"https:\/\/promz.be\/fr\/wp-json\/wp\/v2\/media\/9206"}],"wp:attachment":[{"href":"https:\/\/promz.be\/fr\/wp-json\/wp\/v2\/media?parent=9733"}],"wp:term":[{"taxonomy":"product_cat","embeddable":true,"href":"https:\/\/promz.be\/fr\/wp-json\/wp\/v2\/product_cat?post=9733"},{"taxonomy":"product_tag","embeddable":true,"href":"https:\/\/promz.be\/fr\/wp-json\/wp\/v2\/product_tag?post=9733"}],"curies":[{"name":"wp","href":"https:\/\/api.w.org\/{rel}","templated":true}]}}