{"id":9734,"date":"2017-11-07T00:00:00","date_gmt":"2017-11-07T00:00:00","guid":{"rendered":"https:\/\/promz.be\/product\/essuie-de-cuisine-avec-impression-personnalisee\/"},"modified":"2018-07-18T08:35:32","modified_gmt":"2018-07-18T08:35:32","slug":"essuie-de-cuisine-avec-impression-personnalisee","status":"publish","type":"product","link":"https:\/\/promz.be\/fr\/product\/essuie-de-cuisine-avec-impression-personnalisee\/","title":{"rendered":"Essuie de cuisine avec impression personnalis\u00e9e"},"content":{"rendered":"<p>(prix par 500 pi\u00e8ces)<\/p>\n<p>Essuie-mains en coton 100% biologique, non blanchi avec votre impression personnalis\u00e9e \u00e0 partir de 500 pi\u00e8ces. Le prix indiqu\u00e9 inclut une impression 1 couleur.<\/p>\n","protected":false},"excerpt":{"rendered":"<p>(prix par 500 pi\u00e8ces)<\/p>\n<p>Essuie-mains en coton 100% biologique, non blanchi avec votre impression personnalis\u00e9e \u00e0 partir de 500 pi\u00e8ces. Le prix indiqu\u00e9 inclut une impression 1 couleur.<\/p>\n<p> [&#8230;]<\/p>\n<p><a class=\"btn btn-secondary understrap-read-more-link\" href=\"https:\/\/promz.be\/fr\/product\/essuie-de-cuisine-avec-impression-personnalisee\/\">Lire la suite&#8230;<\/a><\/p>\n","protected":false},"featured_media":7997,"comment_status":"closed","ping_status":"open","template":"","meta":[],"product_cat":[8745],"product_tag":[],"_links":{"self":[{"href":"https:\/\/promz.be\/fr\/wp-json\/wp\/v2\/product\/9734"}],"collection":[{"href":"https:\/\/promz.be\/fr\/wp-json\/wp\/v2\/product"}],"about":[{"href":"https:\/\/promz.be\/fr\/wp-json\/wp\/v2\/types\/product"}],"replies":[{"embeddable":true,"href":"https:\/\/promz.be\/fr\/wp-json\/wp\/v2\/comments?post=9734"}],"wp:featuredmedia":[{"embeddable":true,"href":"https:\/\/promz.be\/fr\/wp-json\/wp\/v2\/media\/7997"}],"wp:attachment":[{"href":"https:\/\/promz.be\/fr\/wp-json\/wp\/v2\/media?parent=9734"}],"wp:term":[{"taxonomy":"product_cat","embeddable":true,"href":"https:\/\/promz.be\/fr\/wp-json\/wp\/v2\/product_cat?post=9734"},{"taxonomy":"product_tag","embeddable":true,"href":"https:\/\/promz.be\/fr\/wp-json\/wp\/v2\/product_tag?post=9734"}],"curies":[{"name":"wp","href":"https:\/\/api.w.org\/{rel}","templated":true}]}}