{"id":9735,"date":"2017-10-17T00:00:00","date_gmt":"2017-10-17T00:00:00","guid":{"rendered":"https:\/\/promz.be\/product\/emma-p\/"},"modified":"2018-07-18T08:35:33","modified_gmt":"2018-07-18T08:35:33","slug":"emma-p","status":"publish","type":"product","link":"https:\/\/promz.be\/fr\/product\/emma-p\/","title":{"rendered":"Emma P."},"content":{"rendered":"<p>(prix par 500 pi\u00e8ces)<\/p>\n<p>Glissez notre Emma P. \u00e0 votre doigt et en un tour de main, elle p\u00e8lera votre orange sans vous salir les mains ni faire couler de jus. Peut aussi &#038;ecirc,tre livr\u00e9e avec une carte mailing !<\/p>\n","protected":false},"excerpt":{"rendered":"<p>(prix par 500 pi\u00e8ces)<\/p>\n<p>Glissez notre Emma P. \u00e0 votre doigt et en un tour de main, elle p\u00e8lera votre orange sans vous salir les mains ni faire couler de jus. Peut aussi &#038;ecirc,tre livr\u00e9e avec une carte mailing !<\/p>\n<p> [&#8230;]<\/p>\n<p><a class=\"btn btn-secondary understrap-read-more-link\" href=\"https:\/\/promz.be\/fr\/product\/emma-p\/\">Lire la suite&#8230;<\/a><\/p>\n","protected":false},"featured_media":8003,"comment_status":"closed","ping_status":"open","template":"","meta":[],"product_cat":[8745],"product_tag":[],"_links":{"self":[{"href":"https:\/\/promz.be\/fr\/wp-json\/wp\/v2\/product\/9735"}],"collection":[{"href":"https:\/\/promz.be\/fr\/wp-json\/wp\/v2\/product"}],"about":[{"href":"https:\/\/promz.be\/fr\/wp-json\/wp\/v2\/types\/product"}],"replies":[{"embeddable":true,"href":"https:\/\/promz.be\/fr\/wp-json\/wp\/v2\/comments?post=9735"}],"wp:featuredmedia":[{"embeddable":true,"href":"https:\/\/promz.be\/fr\/wp-json\/wp\/v2\/media\/8003"}],"wp:attachment":[{"href":"https:\/\/promz.be\/fr\/wp-json\/wp\/v2\/media?parent=9735"}],"wp:term":[{"taxonomy":"product_cat","embeddable":true,"href":"https:\/\/promz.be\/fr\/wp-json\/wp\/v2\/product_cat?post=9735"},{"taxonomy":"product_tag","embeddable":true,"href":"https:\/\/promz.be\/fr\/wp-json\/wp\/v2\/product_tag?post=9735"}],"curies":[{"name":"wp","href":"https:\/\/api.w.org\/{rel}","templated":true}]}}