{"id":9738,"date":"2018-01-12T00:00:00","date_gmt":"2018-01-12T00:00:00","guid":{"rendered":"https:\/\/promz.be\/product\/dael-o-ring\/"},"modified":"2018-07-18T08:35:34","modified_gmt":"2018-07-18T08:35:34","slug":"dael-o-ring","status":"publish","type":"product","link":"https:\/\/promz.be\/fr\/product\/dael-o-ring\/","title":{"rendered":"Dael O&#8217; Ring"},"content":{"rendered":"<p>(prix par 500 pi\u00e8ces)<\/p>\n<p>Le Deal O Ring est un b\u00e2ton avec une pointe et une bague cach\u00e9e dans un labyrinthe. Vous devez essayer de faire tourner et glisser l&#8217;anneau autour du b\u00e2ton jusqu&#8217;a ce que vous r\u00e9ussisez \u00e0 s\u00e9parer les deux. Bient\u00f4t, vous serez envo&#038;ucirc,t\u00e9s par ce casse-t&#038;ecirc,te ing\u00e9nieux.<\/p>\n<p>Livrable en plusieurs couleurs et combinaisons de couleurs. Possibilit\u00e9 d&#8217;emballer dans une bo&#038;icirc,te custom made. La baque peut &#038;ecirc,tre imprim\u00e9e (jusqu&#8217;\u00e0 full color) et marquage s\u00e9rigraphique (1 couleur). Prix marquage exclusif.<\/p>\n","protected":false},"excerpt":{"rendered":"<p>(prix par 500 pi\u00e8ces)<\/p>\n<p>Le Deal O Ring est un b\u00e2ton avec une pointe et une bague cach\u00e9e dans un labyrinthe. Vous devez essayer de faire tourner et glisser l&#8217;anneau autour du b\u00e2ton jusqu&#8217;a ce que vous r\u00e9ussisez \u00e0 s\u00e9parer les deux. Bient\u00f4t, vous serez envo&#038;ucirc,t\u00e9s par ce casse-t&#038;ecirc,te ing\u00e9nieux.<\/p>\n<p>Livrable en plusieurs couleurs et combinaisons de couleurs. Possibilit\u00e9 d&#8217;emballer dans une bo&#038;icirc,te custom made. La baque peut &#038;ecirc,tre imprim\u00e9e (jusqu&#8217;\u00e0 full color) et marquage s\u00e9rigraphique (1 couleur). Prix marquage exclusif.<\/p>\n<p> [&#8230;]<\/p>\n<p><a class=\"btn btn-secondary understrap-read-more-link\" href=\"https:\/\/promz.be\/fr\/product\/dael-o-ring\/\">Lire la suite&#8230;<\/a><\/p>\n","protected":false},"featured_media":9027,"comment_status":"closed","ping_status":"open","template":"","meta":[],"product_cat":[8745],"product_tag":[],"_links":{"self":[{"href":"https:\/\/promz.be\/fr\/wp-json\/wp\/v2\/product\/9738"}],"collection":[{"href":"https:\/\/promz.be\/fr\/wp-json\/wp\/v2\/product"}],"about":[{"href":"https:\/\/promz.be\/fr\/wp-json\/wp\/v2\/types\/product"}],"replies":[{"embeddable":true,"href":"https:\/\/promz.be\/fr\/wp-json\/wp\/v2\/comments?post=9738"}],"wp:featuredmedia":[{"embeddable":true,"href":"https:\/\/promz.be\/fr\/wp-json\/wp\/v2\/media\/9027"}],"wp:attachment":[{"href":"https:\/\/promz.be\/fr\/wp-json\/wp\/v2\/media?parent=9738"}],"wp:term":[{"taxonomy":"product_cat","embeddable":true,"href":"https:\/\/promz.be\/fr\/wp-json\/wp\/v2\/product_cat?post=9738"},{"taxonomy":"product_tag","embeddable":true,"href":"https:\/\/promz.be\/fr\/wp-json\/wp\/v2\/product_tag?post=9738"}],"curies":[{"name":"wp","href":"https:\/\/api.w.org\/{rel}","templated":true}]}}