{"id":9741,"date":"2018-02-22T00:00:00","date_gmt":"2018-02-22T00:00:00","guid":{"rendered":"https:\/\/promz.be\/product\/pere-noel-a-lenergie-solaire\/"},"modified":"2018-07-18T08:35:36","modified_gmt":"2018-07-18T08:35:36","slug":"pere-noel-a-lenergie-solaire","status":"publish","type":"product","link":"https:\/\/promz.be\/fr\/product\/pere-noel-a-lenergie-solaire\/","title":{"rendered":"P\u00e8re No\u00ebl \u00e0 l&#8217;\u00e9nergie solaire"},"content":{"rendered":"<p>(prix par 500 pi\u00e8ces)<\/p>\n<p>Par ce P\u00e8re No\u00ebl vous serez imm\u00e9diatement touch\u00e9 par l&#8217;esprit de No\u00ebl. Le P\u00e8re de No\u00ebl bouge d\u00e8s que le petit panneau solaire est expos\u00e9 \u00e0 la lumi\u00e8re (lorsque les conditions d&#8217;\u00e9clairage sont bonnes).<\/p>\n","protected":false},"excerpt":{"rendered":"<p>(prix par 500 pi\u00e8ces)<\/p>\n<p>Par ce P\u00e8re No\u00ebl vous serez imm\u00e9diatement touch\u00e9 par l&#8217;esprit de No\u00ebl. Le P\u00e8re de No\u00ebl bouge d\u00e8s que le petit panneau solaire est expos\u00e9 \u00e0 la lumi\u00e8re (lorsque les conditions d&#8217;\u00e9clairage sont bonnes).<\/p>\n<p> [&#8230;]<\/p>\n<p><a class=\"btn btn-secondary understrap-read-more-link\" href=\"https:\/\/promz.be\/fr\/product\/pere-noel-a-lenergie-solaire\/\">Lire la suite&#8230;<\/a><\/p>\n","protected":false},"featured_media":8278,"comment_status":"closed","ping_status":"open","template":"","meta":[],"product_cat":[8745],"product_tag":[],"_links":{"self":[{"href":"https:\/\/promz.be\/fr\/wp-json\/wp\/v2\/product\/9741"}],"collection":[{"href":"https:\/\/promz.be\/fr\/wp-json\/wp\/v2\/product"}],"about":[{"href":"https:\/\/promz.be\/fr\/wp-json\/wp\/v2\/types\/product"}],"replies":[{"embeddable":true,"href":"https:\/\/promz.be\/fr\/wp-json\/wp\/v2\/comments?post=9741"}],"wp:featuredmedia":[{"embeddable":true,"href":"https:\/\/promz.be\/fr\/wp-json\/wp\/v2\/media\/8278"}],"wp:attachment":[{"href":"https:\/\/promz.be\/fr\/wp-json\/wp\/v2\/media?parent=9741"}],"wp:term":[{"taxonomy":"product_cat","embeddable":true,"href":"https:\/\/promz.be\/fr\/wp-json\/wp\/v2\/product_cat?post=9741"},{"taxonomy":"product_tag","embeddable":true,"href":"https:\/\/promz.be\/fr\/wp-json\/wp\/v2\/product_tag?post=9741"}],"curies":[{"name":"wp","href":"https:\/\/api.w.org\/{rel}","templated":true}]}}