{"id":9742,"date":"2017-11-08T00:00:00","date_gmt":"2017-11-08T00:00:00","guid":{"rendered":"https:\/\/promz.be\/product\/calculatrice-a-eau\/"},"modified":"2018-07-18T08:35:37","modified_gmt":"2018-07-18T08:35:37","slug":"calculatrice-a-eau","status":"publish","type":"product","link":"https:\/\/promz.be\/fr\/product\/calculatrice-a-eau\/","title":{"rendered":"Calculatrice \u00e0 eau"},"content":{"rendered":"<p>(prix par 500 pi\u00e8ces)<\/p>\n<p>Plus besoin de piles ou d&#8217;\u00e9lectricit\u00e9, voici la calculatrice \u00e0 eau. La pile \u00e0 eau peut &#038;ecirc,tre facilement remplac\u00e9e si elle est endommag\u00e9e (g\u00e9n\u00e9ralement 2\/3 ans). La calculatrice est en plastique biod\u00e9gradable, donc elle respecte l&#8217;environnement et peut &#038;ecirc,tre facilement recycl\u00e9e.<\/p>\n","protected":false},"excerpt":{"rendered":"<p>(prix par 500 pi\u00e8ces)<\/p>\n<p>Plus besoin de piles ou d&#8217;\u00e9lectricit\u00e9, voici la calculatrice \u00e0 eau. La pile \u00e0 eau peut &#038;ecirc,tre facilement remplac\u00e9e si elle est endommag\u00e9e (g\u00e9n\u00e9ralement 2\/3 ans). La calculatrice est en plastique biod\u00e9gradable, donc elle respecte l&#8217;environnement et peut &#038;ecirc,tre facilement recycl\u00e9e.<\/p>\n<p> [&#8230;]<\/p>\n<p><a class=\"btn btn-secondary understrap-read-more-link\" href=\"https:\/\/promz.be\/fr\/product\/calculatrice-a-eau\/\">Lire la suite&#8230;<\/a><\/p>\n","protected":false},"featured_media":8945,"comment_status":"closed","ping_status":"open","template":"","meta":[],"product_cat":[8745],"product_tag":[],"_links":{"self":[{"href":"https:\/\/promz.be\/fr\/wp-json\/wp\/v2\/product\/9742"}],"collection":[{"href":"https:\/\/promz.be\/fr\/wp-json\/wp\/v2\/product"}],"about":[{"href":"https:\/\/promz.be\/fr\/wp-json\/wp\/v2\/types\/product"}],"replies":[{"embeddable":true,"href":"https:\/\/promz.be\/fr\/wp-json\/wp\/v2\/comments?post=9742"}],"wp:featuredmedia":[{"embeddable":true,"href":"https:\/\/promz.be\/fr\/wp-json\/wp\/v2\/media\/8945"}],"wp:attachment":[{"href":"https:\/\/promz.be\/fr\/wp-json\/wp\/v2\/media?parent=9742"}],"wp:term":[{"taxonomy":"product_cat","embeddable":true,"href":"https:\/\/promz.be\/fr\/wp-json\/wp\/v2\/product_cat?post=9742"},{"taxonomy":"product_tag","embeddable":true,"href":"https:\/\/promz.be\/fr\/wp-json\/wp\/v2\/product_tag?post=9742"}],"curies":[{"name":"wp","href":"https:\/\/api.w.org\/{rel}","templated":true}]}}