{"id":9743,"date":"2017-07-13T00:00:00","date_gmt":"2017-07-13T00:00:00","guid":{"rendered":"https:\/\/promz.be\/product\/pochette-pour-sportif\/"},"modified":"2018-07-18T08:35:37","modified_gmt":"2018-07-18T08:35:37","slug":"pochette-pour-sportif","status":"publish","type":"product","link":"https:\/\/promz.be\/fr\/product\/pochette-pour-sportif\/","title":{"rendered":"Pochette pour sportif"},"content":{"rendered":"<p>(prix par 500 pi\u00e8ces)<\/p>\n<p>Pochette avec LED pour la s\u00e9curit\u00e9 et emplacement pour t\u00e9l\u00e9phone mobile afin d&#8217; \u00e9couter la musique en toute s\u00e9curit\u00e9.Avec la fonction d&#8217;\u00e9cran tactile vous pouvez contr\u00f4ler le t\u00e9l\u00e9phone sans le r\u00e9tirer de la pochette.<\/p>\n","protected":false},"excerpt":{"rendered":"<p>(prix par 500 pi\u00e8ces)<\/p>\n<p>Pochette avec LED pour la s\u00e9curit\u00e9 et emplacement pour t\u00e9l\u00e9phone mobile afin d&#8217; \u00e9couter la musique en toute s\u00e9curit\u00e9.Avec la fonction d&#8217;\u00e9cran tactile vous pouvez contr\u00f4ler le t\u00e9l\u00e9phone sans le r\u00e9tirer de la pochette.<\/p>\n<p> [&#8230;]<\/p>\n<p><a class=\"btn btn-secondary understrap-read-more-link\" href=\"https:\/\/promz.be\/fr\/product\/pochette-pour-sportif\/\">Lire la suite&#8230;<\/a><\/p>\n","protected":false},"featured_media":9047,"comment_status":"closed","ping_status":"open","template":"","meta":[],"product_cat":[8745],"product_tag":[],"_links":{"self":[{"href":"https:\/\/promz.be\/fr\/wp-json\/wp\/v2\/product\/9743"}],"collection":[{"href":"https:\/\/promz.be\/fr\/wp-json\/wp\/v2\/product"}],"about":[{"href":"https:\/\/promz.be\/fr\/wp-json\/wp\/v2\/types\/product"}],"replies":[{"embeddable":true,"href":"https:\/\/promz.be\/fr\/wp-json\/wp\/v2\/comments?post=9743"}],"wp:featuredmedia":[{"embeddable":true,"href":"https:\/\/promz.be\/fr\/wp-json\/wp\/v2\/media\/9047"}],"wp:attachment":[{"href":"https:\/\/promz.be\/fr\/wp-json\/wp\/v2\/media?parent=9743"}],"wp:term":[{"taxonomy":"product_cat","embeddable":true,"href":"https:\/\/promz.be\/fr\/wp-json\/wp\/v2\/product_cat?post=9743"},{"taxonomy":"product_tag","embeddable":true,"href":"https:\/\/promz.be\/fr\/wp-json\/wp\/v2\/product_tag?post=9743"}],"curies":[{"name":"wp","href":"https:\/\/api.w.org\/{rel}","templated":true}]}}