{"id":9745,"date":"2017-12-20T00:00:00","date_gmt":"2017-12-20T00:00:00","guid":{"rendered":"https:\/\/promz.be\/product\/socle-pour-stylo-a-bille\/"},"modified":"2018-07-18T08:35:38","modified_gmt":"2018-07-18T08:35:38","slug":"socle-pour-stylo-a-bille","status":"publish","type":"product","link":"https:\/\/promz.be\/fr\/product\/socle-pour-stylo-a-bille\/","title":{"rendered":"socle pour stylo \u00e0 bille"},"content":{"rendered":"<p>(prix par 500 pi\u00e8ces)<\/p>\n<p>UN CLASSIQUE&#8230;RECYCL\u00e9!100% fabrication italienne, r\u00e9alis\u00e9 en ABS 100% recycl\u00e9, o&#038;ugrave, votre message s&#8217;impose clairement visible.Son socle offre une grosse surface de marquage \u00e0 couvrir compl\u00e8tement par l&#8217;impression num\u00e9rique directe, une technique qui permet la reproduction d&#8217;images photographiques en haute r\u00e9solution d\u00e9j\u00e0 \u00e0 partir des petites quantit\u00e9s.<\/p>\n","protected":false},"excerpt":{"rendered":"<p>(prix par 500 pi\u00e8ces)<\/p>\n<p>UN CLASSIQUE&#8230;RECYCL\u00e9!100% fabrication italienne, r\u00e9alis\u00e9 en ABS 100% recycl\u00e9, o&#038;ugrave, votre message s&#8217;impose clairement visible.Son socle offre une grosse surface de marquage \u00e0 couvrir compl\u00e8tement par l&#8217;impression num\u00e9rique directe, une technique qui permet la reproduction d&#8217;images photographiques en haute r\u00e9solution d\u00e9j\u00e0 \u00e0 partir des petites quantit\u00e9s.<\/p>\n<p> [&#8230;]<\/p>\n<p><a class=\"btn btn-secondary understrap-read-more-link\" href=\"https:\/\/promz.be\/fr\/product\/socle-pour-stylo-a-bille\/\">Lire la suite&#8230;<\/a><\/p>\n","protected":false},"featured_media":8752,"comment_status":"closed","ping_status":"open","template":"","meta":[],"product_cat":[8745],"product_tag":[],"_links":{"self":[{"href":"https:\/\/promz.be\/fr\/wp-json\/wp\/v2\/product\/9745"}],"collection":[{"href":"https:\/\/promz.be\/fr\/wp-json\/wp\/v2\/product"}],"about":[{"href":"https:\/\/promz.be\/fr\/wp-json\/wp\/v2\/types\/product"}],"replies":[{"embeddable":true,"href":"https:\/\/promz.be\/fr\/wp-json\/wp\/v2\/comments?post=9745"}],"wp:featuredmedia":[{"embeddable":true,"href":"https:\/\/promz.be\/fr\/wp-json\/wp\/v2\/media\/8752"}],"wp:attachment":[{"href":"https:\/\/promz.be\/fr\/wp-json\/wp\/v2\/media?parent=9745"}],"wp:term":[{"taxonomy":"product_cat","embeddable":true,"href":"https:\/\/promz.be\/fr\/wp-json\/wp\/v2\/product_cat?post=9745"},{"taxonomy":"product_tag","embeddable":true,"href":"https:\/\/promz.be\/fr\/wp-json\/wp\/v2\/product_tag?post=9745"}],"curies":[{"name":"wp","href":"https:\/\/api.w.org\/{rel}","templated":true}]}}