{"id":9746,"date":"2018-01-29T00:00:00","date_gmt":"2018-01-29T00:00:00","guid":{"rendered":"https:\/\/promz.be\/product\/cle-usb-et-stylet-en-1\/"},"modified":"2018-07-18T08:35:38","modified_gmt":"2018-07-18T08:35:38","slug":"cle-usb-et-stylet-en-1","status":"publish","type":"product","link":"https:\/\/promz.be\/fr\/product\/cle-usb-et-stylet-en-1\/","title":{"rendered":"Cl\u00e9 usb et stylet en 1"},"content":{"rendered":"<p>(prix par 500 pi\u00e8ces)<\/p>\n<p>une cl\u00e9 USB (8GB) 2.0 solide en aluminium d&#8217;une grande capacit\u00e9 pour sauvegarder tous vos documents importants. L&#8217;utilisation du stylet est versatile gr\u00e2ce au clip int\u00e9gr\u00e9<\/p>\n","protected":false},"excerpt":{"rendered":"<p>(prix par 500 pi\u00e8ces)<\/p>\n<p>une cl\u00e9 USB (8GB) 2.0 solide en aluminium d&#8217;une grande capacit\u00e9 pour sauvegarder tous vos documents importants. L&#8217;utilisation du stylet est versatile gr\u00e2ce au clip int\u00e9gr\u00e9<\/p>\n<p> [&#8230;]<\/p>\n<p><a class=\"btn btn-secondary understrap-read-more-link\" href=\"https:\/\/promz.be\/fr\/product\/cle-usb-et-stylet-en-1\/\">Lire la suite&#8230;<\/a><\/p>\n","protected":false},"featured_media":9398,"comment_status":"closed","ping_status":"open","template":"","meta":[],"product_cat":[8745],"product_tag":[],"_links":{"self":[{"href":"https:\/\/promz.be\/fr\/wp-json\/wp\/v2\/product\/9746"}],"collection":[{"href":"https:\/\/promz.be\/fr\/wp-json\/wp\/v2\/product"}],"about":[{"href":"https:\/\/promz.be\/fr\/wp-json\/wp\/v2\/types\/product"}],"replies":[{"embeddable":true,"href":"https:\/\/promz.be\/fr\/wp-json\/wp\/v2\/comments?post=9746"}],"wp:featuredmedia":[{"embeddable":true,"href":"https:\/\/promz.be\/fr\/wp-json\/wp\/v2\/media\/9398"}],"wp:attachment":[{"href":"https:\/\/promz.be\/fr\/wp-json\/wp\/v2\/media?parent=9746"}],"wp:term":[{"taxonomy":"product_cat","embeddable":true,"href":"https:\/\/promz.be\/fr\/wp-json\/wp\/v2\/product_cat?post=9746"},{"taxonomy":"product_tag","embeddable":true,"href":"https:\/\/promz.be\/fr\/wp-json\/wp\/v2\/product_tag?post=9746"}],"curies":[{"name":"wp","href":"https:\/\/api.w.org\/{rel}","templated":true}]}}