{"id":9747,"date":"2017-09-19T00:00:00","date_gmt":"2017-09-19T00:00:00","guid":{"rendered":"https:\/\/promz.be\/product\/le-porte-cles-intelligent\/"},"modified":"2018-07-18T08:35:39","modified_gmt":"2018-07-18T08:35:39","slug":"le-porte-cles-intelligent","status":"publish","type":"product","link":"https:\/\/promz.be\/fr\/product\/le-porte-cles-intelligent\/","title":{"rendered":"Le porte-cl\u00e9s intelligent"},"content":{"rendered":"<p>(prix par 500 pi\u00e8ces)<\/p>\n<p>Voici le porte-cl\u00e9s inspir\u00e9 du design des couteaux suisses. Ce porte-cl\u00e9s intelligent vous fait gagner de la place. Organisez facilement votre trousseau \u00e0 cl\u00e9s, celles-ci sont rang\u00e9es dans le m&#038;ecirc,me sens, c\u00f4t\u00e9 dent\u00e9 \u00e0 l&#8217;int\u00e9rieur du porte cl\u00e9. Peu de place et bonne protection ! Disponible en 4 coloris standard :rouge, orange, bleu et noir. D&#8217;autres couleurs sur demande et \u00e0 partit de 2 500 pi\u00e8ces.Le prix mentionn\u00e9 est sans personnalisation (impression ou gravure).<\/p>\n","protected":false},"excerpt":{"rendered":"<p>(prix par 500 pi\u00e8ces)<\/p>\n<p>Voici le porte-cl\u00e9s inspir\u00e9 du design des couteaux suisses. Ce porte-cl\u00e9s intelligent vous fait gagner de la place. Organisez facilement votre trousseau \u00e0 cl\u00e9s, celles-ci sont rang\u00e9es dans le m&#038;ecirc,me sens, c\u00f4t\u00e9 dent\u00e9 \u00e0 l&#8217;int\u00e9rieur du porte cl\u00e9. Peu de place et bonne protection ! Disponible en 4 coloris standard :rouge, orange, bleu et noir. D&#8217;autres couleurs sur demande et \u00e0 partit de 2 500 pi\u00e8ces.Le prix mentionn\u00e9 est sans personnalisation (impression ou gravure).<\/p>\n<p> [&#8230;]<\/p>\n<p><a class=\"btn btn-secondary understrap-read-more-link\" href=\"https:\/\/promz.be\/fr\/product\/le-porte-cles-intelligent\/\">Lire la suite&#8230;<\/a><\/p>\n","protected":false},"featured_media":9009,"comment_status":"closed","ping_status":"open","template":"","meta":[],"product_cat":[8745],"product_tag":[],"_links":{"self":[{"href":"https:\/\/promz.be\/fr\/wp-json\/wp\/v2\/product\/9747"}],"collection":[{"href":"https:\/\/promz.be\/fr\/wp-json\/wp\/v2\/product"}],"about":[{"href":"https:\/\/promz.be\/fr\/wp-json\/wp\/v2\/types\/product"}],"replies":[{"embeddable":true,"href":"https:\/\/promz.be\/fr\/wp-json\/wp\/v2\/comments?post=9747"}],"wp:featuredmedia":[{"embeddable":true,"href":"https:\/\/promz.be\/fr\/wp-json\/wp\/v2\/media\/9009"}],"wp:attachment":[{"href":"https:\/\/promz.be\/fr\/wp-json\/wp\/v2\/media?parent=9747"}],"wp:term":[{"taxonomy":"product_cat","embeddable":true,"href":"https:\/\/promz.be\/fr\/wp-json\/wp\/v2\/product_cat?post=9747"},{"taxonomy":"product_tag","embeddable":true,"href":"https:\/\/promz.be\/fr\/wp-json\/wp\/v2\/product_tag?post=9747"}],"curies":[{"name":"wp","href":"https:\/\/api.w.org\/{rel}","templated":true}]}}