{"id":9748,"date":"2018-02-27T00:00:00","date_gmt":"2018-02-27T00:00:00","guid":{"rendered":"https:\/\/promz.be\/product\/crayon-fabrique-avec-vieux-billets\/"},"modified":"2018-07-18T08:35:39","modified_gmt":"2018-07-18T08:35:39","slug":"crayon-fabrique-avec-vieux-billets","status":"publish","type":"product","link":"https:\/\/promz.be\/fr\/product\/crayon-fabrique-avec-vieux-billets\/","title":{"rendered":"Crayon fabriqu\u00e9 avec vieux billets"},"content":{"rendered":"<p>(prix par 5000 pi\u00e8ces)<\/p>\n<p>Avec ce crayon vous avez toujours de l&#8217;argent avec vous! Fabriqu\u00e9 avec des billets retir\u00e9s de la circulation.Ce crayon peut &#038;ecirc,tre imprim\u00e9 dans un maximum de 1 couleur (inclus)<\/p>\n","protected":false},"excerpt":{"rendered":"<p>(prix par 5000 pi\u00e8ces)<\/p>\n<p>Avec ce crayon vous avez toujours de l&#8217;argent avec vous! Fabriqu\u00e9 avec des billets retir\u00e9s de la circulation.Ce crayon peut &#038;ecirc,tre imprim\u00e9 dans un maximum de 1 couleur (inclus)<\/p>\n<p> [&#8230;]<\/p>\n<p><a class=\"btn btn-secondary understrap-read-more-link\" href=\"https:\/\/promz.be\/fr\/product\/crayon-fabrique-avec-vieux-billets\/\">Lire la suite&#8230;<\/a><\/p>\n","protected":false},"featured_media":8761,"comment_status":"closed","ping_status":"open","template":"","meta":[],"product_cat":[8745],"product_tag":[],"_links":{"self":[{"href":"https:\/\/promz.be\/fr\/wp-json\/wp\/v2\/product\/9748"}],"collection":[{"href":"https:\/\/promz.be\/fr\/wp-json\/wp\/v2\/product"}],"about":[{"href":"https:\/\/promz.be\/fr\/wp-json\/wp\/v2\/types\/product"}],"replies":[{"embeddable":true,"href":"https:\/\/promz.be\/fr\/wp-json\/wp\/v2\/comments?post=9748"}],"wp:featuredmedia":[{"embeddable":true,"href":"https:\/\/promz.be\/fr\/wp-json\/wp\/v2\/media\/8761"}],"wp:attachment":[{"href":"https:\/\/promz.be\/fr\/wp-json\/wp\/v2\/media?parent=9748"}],"wp:term":[{"taxonomy":"product_cat","embeddable":true,"href":"https:\/\/promz.be\/fr\/wp-json\/wp\/v2\/product_cat?post=9748"},{"taxonomy":"product_tag","embeddable":true,"href":"https:\/\/promz.be\/fr\/wp-json\/wp\/v2\/product_tag?post=9748"}],"curies":[{"name":"wp","href":"https:\/\/api.w.org\/{rel}","templated":true}]}}