{"id":9749,"date":"2018-02-27T00:00:00","date_gmt":"2018-02-27T00:00:00","guid":{"rendered":"https:\/\/promz.be\/product\/securisation-de-votre-mot-de-passe\/"},"modified":"2018-07-18T08:35:39","modified_gmt":"2018-07-18T08:35:39","slug":"securisation-de-votre-mot-de-passe","status":"publish","type":"product","link":"https:\/\/promz.be\/fr\/product\/securisation-de-votre-mot-de-passe\/","title":{"rendered":"S\u00e9curisation de votre mot de passe"},"content":{"rendered":"<p>(prix par 5000 pi\u00e8ces)<\/p>\n<p>Avec cet outil pratique, il est tr\u00e8s facile de transformer un mot simple en un mot de passe tr\u00e8s difficile \u00e0 deviner. Ainsi vous pouvez s\u00e9curiser facilement vos donn\u00e9es personnelles dans le monde digital. Ce porte-cl\u00e9s est toujours visible et la surface d&#8217;impression pour votre logo et texte remarquable. Id\u00e9al comme gadget promotionnel !Chaque Kryptonizer a un code de traduction unique pour cr\u00e9er un mot de passe.<\/p>\n","protected":false},"excerpt":{"rendered":"<p>(prix par 5000 pi\u00e8ces)<\/p>\n<p>Avec cet outil pratique, il est tr\u00e8s facile de transformer un mot simple en un mot de passe tr\u00e8s difficile \u00e0 deviner. Ainsi vous pouvez s\u00e9curiser facilement vos donn\u00e9es personnelles dans le monde digital. Ce porte-cl\u00e9s est toujours visible et la surface d&#8217;impression pour votre logo et texte remarquable. Id\u00e9al comme gadget promotionnel !Chaque Kryptonizer a un code de traduction unique pour cr\u00e9er un mot de passe.<\/p>\n<p> [&#8230;]<\/p>\n<p><a class=\"btn btn-secondary understrap-read-more-link\" href=\"https:\/\/promz.be\/fr\/product\/securisation-de-votre-mot-de-passe\/\">Lire la suite&#8230;<\/a><\/p>\n","protected":false},"featured_media":9401,"comment_status":"closed","ping_status":"open","template":"","meta":[],"product_cat":[8745],"product_tag":[],"_links":{"self":[{"href":"https:\/\/promz.be\/fr\/wp-json\/wp\/v2\/product\/9749"}],"collection":[{"href":"https:\/\/promz.be\/fr\/wp-json\/wp\/v2\/product"}],"about":[{"href":"https:\/\/promz.be\/fr\/wp-json\/wp\/v2\/types\/product"}],"replies":[{"embeddable":true,"href":"https:\/\/promz.be\/fr\/wp-json\/wp\/v2\/comments?post=9749"}],"wp:featuredmedia":[{"embeddable":true,"href":"https:\/\/promz.be\/fr\/wp-json\/wp\/v2\/media\/9401"}],"wp:attachment":[{"href":"https:\/\/promz.be\/fr\/wp-json\/wp\/v2\/media?parent=9749"}],"wp:term":[{"taxonomy":"product_cat","embeddable":true,"href":"https:\/\/promz.be\/fr\/wp-json\/wp\/v2\/product_cat?post=9749"},{"taxonomy":"product_tag","embeddable":true,"href":"https:\/\/promz.be\/fr\/wp-json\/wp\/v2\/product_tag?post=9749"}],"curies":[{"name":"wp","href":"https:\/\/api.w.org\/{rel}","templated":true}]}}