{"id":9753,"date":"2018-04-23T00:00:00","date_gmt":"2018-04-23T00:00:00","guid":{"rendered":"https:\/\/promz.be\/product\/pour-boire-dune-canette-en-toute-securite-en-tout-temps\/"},"modified":"2018-07-18T08:35:41","modified_gmt":"2018-07-18T08:35:41","slug":"pour-boire-dune-canette-en-toute-securite-en-tout-temps","status":"publish","type":"product","link":"https:\/\/promz.be\/fr\/product\/pour-boire-dune-canette-en-toute-securite-en-tout-temps\/","title":{"rendered":"Pour boire d&#8217;une canette en toute s\u00e9curit\u00e9 en tout temps"},"content":{"rendered":"<p>(prix par 5000 pi\u00e8ces)<\/p>\n<p>Gr\u00e2ce \u00e0 ce clip vous pouvez boire \u00e0 la canette en toute s\u00e9curit\u00e9. Ce clip se fixe sans difficult\u00e9 et s&#8217;adapte \u00e0 toutes les cannettes. Disponible en divers coloris \u00e0 la mode. Produit brevet\u00e9 et europ\u00e9en ! Livr\u00e9 dans un polybag. Le prix mentionn\u00e9 inclus l&#8217;impression en 1 couleur sur 1 position. Autres possibilit\u00e9s d&#8217;emballage ou d&#8217;impression \u00e0 la demande. <\/p>\n","protected":false},"excerpt":{"rendered":"<p>(prix par 5000 pi\u00e8ces)<\/p>\n<p>Gr\u00e2ce \u00e0 ce clip vous pouvez boire \u00e0 la canette en toute s\u00e9curit\u00e9. Ce clip se fixe sans difficult\u00e9 et s&#8217;adapte \u00e0 toutes les cannettes. Disponible en divers coloris \u00e0 la mode. Produit brevet\u00e9 et europ\u00e9en ! Livr\u00e9 dans un polybag. Le prix mentionn\u00e9 inclus l&#8217;impression en 1 couleur sur 1 position. Autres possibilit\u00e9s d&#8217;emballage ou d&#8217;impression \u00e0 la demande. <\/p>\n<p> [&#8230;]<\/p>\n<p><a class=\"btn btn-secondary understrap-read-more-link\" href=\"https:\/\/promz.be\/fr\/product\/pour-boire-dune-canette-en-toute-securite-en-tout-temps\/\">Lire la suite&#8230;<\/a><\/p>\n","protected":false},"featured_media":6638,"comment_status":"closed","ping_status":"open","template":"","meta":[],"product_cat":[8745],"product_tag":[],"_links":{"self":[{"href":"https:\/\/promz.be\/fr\/wp-json\/wp\/v2\/product\/9753"}],"collection":[{"href":"https:\/\/promz.be\/fr\/wp-json\/wp\/v2\/product"}],"about":[{"href":"https:\/\/promz.be\/fr\/wp-json\/wp\/v2\/types\/product"}],"replies":[{"embeddable":true,"href":"https:\/\/promz.be\/fr\/wp-json\/wp\/v2\/comments?post=9753"}],"wp:featuredmedia":[{"embeddable":true,"href":"https:\/\/promz.be\/fr\/wp-json\/wp\/v2\/media\/6638"}],"wp:attachment":[{"href":"https:\/\/promz.be\/fr\/wp-json\/wp\/v2\/media?parent=9753"}],"wp:term":[{"taxonomy":"product_cat","embeddable":true,"href":"https:\/\/promz.be\/fr\/wp-json\/wp\/v2\/product_cat?post=9753"},{"taxonomy":"product_tag","embeddable":true,"href":"https:\/\/promz.be\/fr\/wp-json\/wp\/v2\/product_tag?post=9753"}],"curies":[{"name":"wp","href":"https:\/\/api.w.org\/{rel}","templated":true}]}}