{"id":9754,"date":"2018-05-04T00:00:00","date_gmt":"2018-05-04T00:00:00","guid":{"rendered":"https:\/\/promz.be\/product\/jeton-pour-caddie-en-bois-certifie-fsc\/"},"modified":"2018-07-18T08:35:41","modified_gmt":"2018-07-18T08:35:41","slug":"jeton-pour-caddie-en-bois-certifie-fsc","status":"publish","type":"product","link":"https:\/\/promz.be\/fr\/product\/jeton-pour-caddie-en-bois-certifie-fsc\/","title":{"rendered":"Jeton pour caddie en bois certifi\u00e9 FSC"},"content":{"rendered":"<p>(prix par 5000 pi\u00e8ces)<\/p>\n<p>Impossible de faire plus \u00e9cologique gr\u00e2ce \u00e0 ce jeton pour caddie en bois. Le prix inclut un jeton de la taille d&#8217;une pi\u00e8ce de monnaie avec un trou et carte de visite \u00e0 rabat avec impression couleur. Le mousqueton en m\u00e9tal en suppl\u00e9ment de 0,45 euro\/pi\u00e8ce. Avec gravure laser d&#8217;un 1 c\u00f4t\u00e9 incluse.<\/p>\n","protected":false},"excerpt":{"rendered":"<p>(prix par 5000 pi\u00e8ces)<\/p>\n<p>Impossible de faire plus \u00e9cologique gr\u00e2ce \u00e0 ce jeton pour caddie en bois. Le prix inclut un jeton de la taille d&#8217;une pi\u00e8ce de monnaie avec un trou et carte de visite \u00e0 rabat avec impression couleur. Le mousqueton en m\u00e9tal en suppl\u00e9ment de 0,45 euro\/pi\u00e8ce. Avec gravure laser d&#8217;un 1 c\u00f4t\u00e9 incluse.<\/p>\n<p> [&#8230;]<\/p>\n<p><a class=\"btn btn-secondary understrap-read-more-link\" href=\"https:\/\/promz.be\/fr\/product\/jeton-pour-caddie-en-bois-certifie-fsc\/\">Lire la suite&#8230;<\/a><\/p>\n","protected":false},"featured_media":7414,"comment_status":"closed","ping_status":"open","template":"","meta":[],"product_cat":[8745],"product_tag":[],"_links":{"self":[{"href":"https:\/\/promz.be\/fr\/wp-json\/wp\/v2\/product\/9754"}],"collection":[{"href":"https:\/\/promz.be\/fr\/wp-json\/wp\/v2\/product"}],"about":[{"href":"https:\/\/promz.be\/fr\/wp-json\/wp\/v2\/types\/product"}],"replies":[{"embeddable":true,"href":"https:\/\/promz.be\/fr\/wp-json\/wp\/v2\/comments?post=9754"}],"wp:featuredmedia":[{"embeddable":true,"href":"https:\/\/promz.be\/fr\/wp-json\/wp\/v2\/media\/7414"}],"wp:attachment":[{"href":"https:\/\/promz.be\/fr\/wp-json\/wp\/v2\/media?parent=9754"}],"wp:term":[{"taxonomy":"product_cat","embeddable":true,"href":"https:\/\/promz.be\/fr\/wp-json\/wp\/v2\/product_cat?post=9754"},{"taxonomy":"product_tag","embeddable":true,"href":"https:\/\/promz.be\/fr\/wp-json\/wp\/v2\/product_tag?post=9754"}],"curies":[{"name":"wp","href":"https:\/\/api.w.org\/{rel}","templated":true}]}}