{"id":9755,"date":"2018-04-24T00:00:00","date_gmt":"2018-04-24T00:00:00","guid":{"rendered":"https:\/\/promz.be\/product\/des-mouchoirs-en-papier-avec-un-message-publicitaire\/"},"modified":"2018-07-18T08:35:42","modified_gmt":"2018-07-18T08:35:42","slug":"des-mouchoirs-en-papier-avec-un-message-publicitaire","status":"publish","type":"product","link":"https:\/\/promz.be\/fr\/product\/des-mouchoirs-en-papier-avec-un-message-publicitaire\/","title":{"rendered":"Des mouchoirs en papier avec un message publicitaire"},"content":{"rendered":"<p>(prix par 5000 pi\u00e8ces)<\/p>\n<p>Mouchoirs 100 % cellulose. Emball\u00e9s par 3 ou 5 dans une pochette transparente, refermable.<\/p>\n<p><strong>Tout le monde les utilise, personne ne les refuse et tout le monde se souvient de vous.<\/strong><\/p>\n<p>Outre les mouchoirs blancs, vous pouvez aussi commander des mouchoirs dans les couleurs suivantes : orange, lavande, rose et menthe.Avec une petite carte incluse, imprim\u00e9e en couleur des deux c\u00f4t\u00e9s sur papier 250 g.<strong>Peut aussi &#038;ecirc,tre livr\u00e9 dans un pr\u00e9sentoir contenant 100 paquets.<\/strong> Le pr\u00e9sentoir est facile \u00e0 remplir.Des milliards de mouchoirs en papier sont utilis\u00e9s chaque ann\u00e9e en Europe ! 6 personnes sur 10 en utilisent tous les jours. Ajoutez-y votre message publicitaire et celui-ci sera lu en moyenne 5 \u00e0 8 fois au cours de leur p\u00e9riode de conservation.<\/p>\n<p><strong>Un sc\u00e9nario de r&#038;ecirc,ve pour toute marque qui se respecte, car sa publicit\u00e9 sera d\u00e9sormais vue mais surtout conserv\u00e9e pendant des jours,<\/strong> des semaines, voire m&#038;ecirc,me des mois dans le sac \u00e0 main, dans la poche d&#8217;une veste, d&#8217;un pantalon, dans la voiture, sur le bureau, &#8230; Aucun autre m\u00e9dium publicitaire ne peut en faire autant.<\/p>\n<p>Le mouchoir publicitaire est un prolongement de votre campagne de pub o&#038;ugrave, l&#8217;image de la campagne existante peut directement &#038;ecirc,tre utilis\u00e9e.<\/p>\n<p>L&#8217;interaction avec votre groupe cible suscite de l&#8217;int\u00e9r&#038;ecirc,t pour votre promotion, produit ou service. La distribution de mouchoirs avec votre publicit\u00e9 bien visible gliss\u00e9e dans le paquet \u00ab active \u00bb le consommateur et stimule le processus de vente. Et cela, tout en g\u00e9n\u00e9rant aussi davantage de sympathie ainsi qu&#8217;une plus grande fid\u00e9lit\u00e9 pour votre marque. Quelle marque ne r&#038;ecirc,ve pas que des ambassadeurs se prom\u00e8nent avec leur marque en poche ?<\/p>\n<p>Un article parfait aussi pour les foires, les \u00e9v\u00e9nements, en pi\u00e8ce jointe dans un publipostage, sur un support d&#8217;\u00e9chantillons, sans oublier les actions promotionnelles et autres actions sur le terrain. <strong><span style=text-decoration: underline,>Voyez vous-m&#038;ecirc,me ! Nous nous ferons un plaisir de r\u00e9aliser pour vous un projet visuel !<\/strong><\/p>\n","protected":false},"excerpt":{"rendered":"<p>(prix par 5000 pi\u00e8ces)<\/p>\n<p>Mouchoirs 100 % cellulose. Emball\u00e9s par 3 ou 5 dans une pochette transparente, refermable.<\/p>\n<p><strong>Tout le monde les utilise, personne ne les refuse et tout le monde se souvient de vous.<\/strong><\/p>\n<p>Outre les mouchoirs blancs, vous pouvez aussi commander des mouchoirs dans les couleurs suivantes : orange, lavande, rose et menthe.Avec une petite carte incluse, imprim\u00e9e en couleur des deux c\u00f4t\u00e9s sur papier 250 g.<strong>Peut aussi &#038;ecirc,tre livr\u00e9 dans un pr\u00e9sentoir contenant 100 paquets.<\/strong> Le pr\u00e9sentoir est facile \u00e0 remplir.Des milliards de mouchoirs en papier sont utilis\u00e9s chaque ann\u00e9e en Europe ! 6 personnes sur 10 en utilisent tous les jours. Ajoutez-y votre message publicitaire et celui-ci sera lu en moyenne 5 \u00e0 8 fois au cours de leur p\u00e9riode de conservation.<\/p>\n<p><strong>Un sc\u00e9nario de r&#038;ecirc,ve pour toute marque qui se respecte, car sa publicit\u00e9 sera d\u00e9sormais vue mais surtout conserv\u00e9e pendant des jours,<\/strong> des semaines, voire m&#038;ecirc,me des mois dans le sac \u00e0 main, dans la poche d&#8217;une veste, d&#8217;un pantalon, dans la voiture, sur le bureau, &#8230; Aucun autre m\u00e9dium publicitaire ne peut en faire autant.<\/p>\n<p>Le mouchoir publicitaire est un prolongement de votre campagne de pub o&#038;ugrave, l&#8217;image de la campagne existante peut directement &#038;ecirc,tre utilis\u00e9e.<\/p>\n<p>L&#8217;interaction avec votre groupe cible suscite de l&#8217;int\u00e9r&#038;ecirc,t pour votre promotion, produit ou service. La distribution de mouchoirs avec votre publicit\u00e9 bien visible gliss\u00e9e dans le paquet \u00ab active \u00bb le consommateur et stimule le processus de vente. Et cela, tout en g\u00e9n\u00e9rant aussi davantage de sympathie ainsi qu&#8217;une plus grande fid\u00e9lit\u00e9 pour votre marque. Quelle marque ne r&#038;ecirc,ve pas que des ambassadeurs se prom\u00e8nent avec leur marque en poche ?<\/p>\n<p>Un article parfait aussi pour les foires, les \u00e9v\u00e9nements, en pi\u00e8ce jointe dans un publipostage, sur un support d&#8217;\u00e9chantillons, sans oublier les actions promotionnelles et autres actions sur le terrain. <strong><span style=text-decoration: underline,>Voyez vous-m&#038;ecirc,me ! Nous nous ferons un plaisir de r\u00e9aliser pour vous un projet visuel !<\/strong><\/p>\n<p> [&#8230;]<\/p>\n<p><a class=\"btn btn-secondary understrap-read-more-link\" href=\"https:\/\/promz.be\/fr\/product\/des-mouchoirs-en-papier-avec-un-message-publicitaire\/\">Lire la suite&#8230;<\/a><\/p>\n","protected":false},"featured_media":9299,"comment_status":"closed","ping_status":"open","template":"","meta":[],"product_cat":[8745],"product_tag":[],"_links":{"self":[{"href":"https:\/\/promz.be\/fr\/wp-json\/wp\/v2\/product\/9755"}],"collection":[{"href":"https:\/\/promz.be\/fr\/wp-json\/wp\/v2\/product"}],"about":[{"href":"https:\/\/promz.be\/fr\/wp-json\/wp\/v2\/types\/product"}],"replies":[{"embeddable":true,"href":"https:\/\/promz.be\/fr\/wp-json\/wp\/v2\/comments?post=9755"}],"wp:featuredmedia":[{"embeddable":true,"href":"https:\/\/promz.be\/fr\/wp-json\/wp\/v2\/media\/9299"}],"wp:attachment":[{"href":"https:\/\/promz.be\/fr\/wp-json\/wp\/v2\/media?parent=9755"}],"wp:term":[{"taxonomy":"product_cat","embeddable":true,"href":"https:\/\/promz.be\/fr\/wp-json\/wp\/v2\/product_cat?post=9755"},{"taxonomy":"product_tag","embeddable":true,"href":"https:\/\/promz.be\/fr\/wp-json\/wp\/v2\/product_tag?post=9755"}],"curies":[{"name":"wp","href":"https:\/\/api.w.org\/{rel}","templated":true}]}}