{"id":9756,"date":"2017-12-12T00:00:00","date_gmt":"2017-12-12T00:00:00","guid":{"rendered":"https:\/\/promz.be\/product\/sticky-notes-avec-forme-precoupee\/"},"modified":"2018-07-18T08:35:42","modified_gmt":"2018-07-18T08:35:42","slug":"sticky-notes-avec-forme-precoupee","status":"publish","type":"product","link":"https:\/\/promz.be\/fr\/product\/sticky-notes-avec-forme-precoupee\/","title":{"rendered":"Sticky notes avec forme precoup\u00e9e"},"content":{"rendered":"<p>(prix par 5000 pi\u00e8ces)<\/p>\n<p>Petit bloc avec des feuilles auto-adh\u00e9sives avec votre logo (ou autre) precoup\u00e9. Le bloc est disponible en 25, 50 ou 100 feuilles et dans diff\u00e9rents formats. Les prix d\u00e9pendent du nombre de feuilles, de la coupe, de la taille des feuilles et du nombre de couleurs pour l&#8217;impressionsLe prix indiqu\u00e9 est pour le bloc avec 50 feuilles blanches , format de 100 x 75 mm , d\u00e9coupe standard et impression en une couleur sur toutes les feuilles.<\/p>\n","protected":false},"excerpt":{"rendered":"<p>(prix par 5000 pi\u00e8ces)<\/p>\n<p>Petit bloc avec des feuilles auto-adh\u00e9sives avec votre logo (ou autre) precoup\u00e9. Le bloc est disponible en 25, 50 ou 100 feuilles et dans diff\u00e9rents formats. Les prix d\u00e9pendent du nombre de feuilles, de la coupe, de la taille des feuilles et du nombre de couleurs pour l&#8217;impressionsLe prix indiqu\u00e9 est pour le bloc avec 50 feuilles blanches , format de 100 x 75 mm , d\u00e9coupe standard et impression en une couleur sur toutes les feuilles.<\/p>\n<p> [&#8230;]<\/p>\n<p><a class=\"btn btn-secondary understrap-read-more-link\" href=\"https:\/\/promz.be\/fr\/product\/sticky-notes-avec-forme-precoupee\/\">Lire la suite&#8230;<\/a><\/p>\n","protected":false},"featured_media":8151,"comment_status":"closed","ping_status":"open","template":"","meta":[],"product_cat":[8745],"product_tag":[],"_links":{"self":[{"href":"https:\/\/promz.be\/fr\/wp-json\/wp\/v2\/product\/9756"}],"collection":[{"href":"https:\/\/promz.be\/fr\/wp-json\/wp\/v2\/product"}],"about":[{"href":"https:\/\/promz.be\/fr\/wp-json\/wp\/v2\/types\/product"}],"replies":[{"embeddable":true,"href":"https:\/\/promz.be\/fr\/wp-json\/wp\/v2\/comments?post=9756"}],"wp:featuredmedia":[{"embeddable":true,"href":"https:\/\/promz.be\/fr\/wp-json\/wp\/v2\/media\/8151"}],"wp:attachment":[{"href":"https:\/\/promz.be\/fr\/wp-json\/wp\/v2\/media?parent=9756"}],"wp:term":[{"taxonomy":"product_cat","embeddable":true,"href":"https:\/\/promz.be\/fr\/wp-json\/wp\/v2\/product_cat?post=9756"},{"taxonomy":"product_tag","embeddable":true,"href":"https:\/\/promz.be\/fr\/wp-json\/wp\/v2\/product_tag?post=9756"}],"curies":[{"name":"wp","href":"https:\/\/api.w.org\/{rel}","templated":true}]}}