{"id":9758,"date":"2017-10-18T00:00:00","date_gmt":"2017-10-18T00:00:00","guid":{"rendered":"https:\/\/promz.be\/product\/stylo-a-bille-bic-britepix-avec-un-effet-texture-sur-le-clip\/"},"modified":"2018-07-18T08:35:43","modified_gmt":"2018-07-18T08:35:43","slug":"stylo-a-bille-bic-britepix-avec-un-effet-texture-sur-le-clip","status":"publish","type":"product","link":"https:\/\/promz.be\/fr\/product\/stylo-a-bille-bic-britepix-avec-un-effet-texture-sur-le-clip\/","title":{"rendered":"Stylo \u00e0 bille BIC britePix avec un effet textur\u00e9 sur le clip"},"content":{"rendered":"<p>(prix par 5000 pi\u00e8ces)<\/p>\n<p>Super stylo \u00e0 bille Bic avec clip tr\u00e8s large pour une belle impression gr\u00e2ce \u00e0 la technique britePx. Texture qui apporte du relief \u00e0 votre communication !<\/p>\n","protected":false},"excerpt":{"rendered":"<p>(prix par 5000 pi\u00e8ces)<\/p>\n<p>Super stylo \u00e0 bille Bic avec clip tr\u00e8s large pour une belle impression gr\u00e2ce \u00e0 la technique britePx. Texture qui apporte du relief \u00e0 votre communication !<\/p>\n<p> [&#8230;]<\/p>\n<p><a class=\"btn btn-secondary understrap-read-more-link\" href=\"https:\/\/promz.be\/fr\/product\/stylo-a-bille-bic-britepix-avec-un-effet-texture-sur-le-clip\/\">Lire la suite&#8230;<\/a><\/p>\n","protected":false},"featured_media":8758,"comment_status":"closed","ping_status":"open","template":"","meta":[],"product_cat":[8745],"product_tag":[],"_links":{"self":[{"href":"https:\/\/promz.be\/fr\/wp-json\/wp\/v2\/product\/9758"}],"collection":[{"href":"https:\/\/promz.be\/fr\/wp-json\/wp\/v2\/product"}],"about":[{"href":"https:\/\/promz.be\/fr\/wp-json\/wp\/v2\/types\/product"}],"replies":[{"embeddable":true,"href":"https:\/\/promz.be\/fr\/wp-json\/wp\/v2\/comments?post=9758"}],"wp:featuredmedia":[{"embeddable":true,"href":"https:\/\/promz.be\/fr\/wp-json\/wp\/v2\/media\/8758"}],"wp:attachment":[{"href":"https:\/\/promz.be\/fr\/wp-json\/wp\/v2\/media?parent=9758"}],"wp:term":[{"taxonomy":"product_cat","embeddable":true,"href":"https:\/\/promz.be\/fr\/wp-json\/wp\/v2\/product_cat?post=9758"},{"taxonomy":"product_tag","embeddable":true,"href":"https:\/\/promz.be\/fr\/wp-json\/wp\/v2\/product_tag?post=9758"}],"curies":[{"name":"wp","href":"https:\/\/api.w.org\/{rel}","templated":true}]}}