{"id":9759,"date":"2017-09-04T00:00:00","date_gmt":"2017-09-04T00:00:00","guid":{"rendered":"https:\/\/promz.be\/product\/lunettes-de-soleil-dans-une-carte-postale\/"},"modified":"2018-07-18T08:35:44","modified_gmt":"2018-07-18T08:35:44","slug":"lunettes-de-soleil-dans-une-carte-postale","status":"publish","type":"product","link":"https:\/\/promz.be\/fr\/product\/lunettes-de-soleil-dans-une-carte-postale\/","title":{"rendered":"Lunettes de soleil dans une carte postale"},"content":{"rendered":"<p>(prix par 5000 pi\u00e8ces)<\/p>\n<p>Voici une fa\u00e7on tr\u00e8s originale pour offrir une paire de lunettes. Faites passer votre message \u00e0 vos contacts. Envoyez- leur une paire de lunettes avec une carte postale. Vous pouvez utiliser toute la surface d&#8217;impression pour votre message et votre destinataire pourra monter sa paire de lunettes.<\/p>\n<p> UV400 &#8211; 100% de protection UVA \/ UVB. Les lentilles sont disponibles en cinq couleurs diff\u00e9rentes (noir, clair, brun, bleu fonc\u00e9 et gris). Plan de papier FSC, 100% recyclable.<\/p>\n<p>Impression sur la carte en Full Color.<\/p>\n","protected":false},"excerpt":{"rendered":"<p>(prix par 5000 pi\u00e8ces)<\/p>\n<p>Voici une fa\u00e7on tr\u00e8s originale pour offrir une paire de lunettes. Faites passer votre message \u00e0 vos contacts. Envoyez- leur une paire de lunettes avec une carte postale. Vous pouvez utiliser toute la surface d&#8217;impression pour votre message et votre destinataire pourra monter sa paire de lunettes.<\/p>\n<p> UV400 &#8211; 100% de protection UVA \/ UVB. Les lentilles sont disponibles en cinq couleurs diff\u00e9rentes (noir, clair, brun, bleu fonc\u00e9 et gris). Plan de papier FSC, 100% recyclable.<\/p>\n<p>Impression sur la carte en Full Color.<\/p>\n<p> [&#8230;]<\/p>\n<p><a class=\"btn btn-secondary understrap-read-more-link\" href=\"https:\/\/promz.be\/fr\/product\/lunettes-de-soleil-dans-une-carte-postale\/\">Lire la suite&#8230;<\/a><\/p>\n","protected":false},"featured_media":9513,"comment_status":"closed","ping_status":"open","template":"","meta":[],"product_cat":[8745],"product_tag":[],"_links":{"self":[{"href":"https:\/\/promz.be\/fr\/wp-json\/wp\/v2\/product\/9759"}],"collection":[{"href":"https:\/\/promz.be\/fr\/wp-json\/wp\/v2\/product"}],"about":[{"href":"https:\/\/promz.be\/fr\/wp-json\/wp\/v2\/types\/product"}],"replies":[{"embeddable":true,"href":"https:\/\/promz.be\/fr\/wp-json\/wp\/v2\/comments?post=9759"}],"wp:featuredmedia":[{"embeddable":true,"href":"https:\/\/promz.be\/fr\/wp-json\/wp\/v2\/media\/9513"}],"wp:attachment":[{"href":"https:\/\/promz.be\/fr\/wp-json\/wp\/v2\/media?parent=9759"}],"wp:term":[{"taxonomy":"product_cat","embeddable":true,"href":"https:\/\/promz.be\/fr\/wp-json\/wp\/v2\/product_cat?post=9759"},{"taxonomy":"product_tag","embeddable":true,"href":"https:\/\/promz.be\/fr\/wp-json\/wp\/v2\/product_tag?post=9759"}],"curies":[{"name":"wp","href":"https:\/\/api.w.org\/{rel}","templated":true}]}}