{"id":9760,"date":"2017-08-23T00:00:00","date_gmt":"2017-08-23T00:00:00","guid":{"rendered":"https:\/\/promz.be\/product\/tatouage-exclusif\/"},"modified":"2018-07-18T08:35:44","modified_gmt":"2018-07-18T08:35:44","slug":"tatouage-exclusif","status":"publish","type":"product","link":"https:\/\/promz.be\/fr\/product\/tatouage-exclusif\/","title":{"rendered":"Tatouage exclusif"},"content":{"rendered":"<p>(prix par 5000 pi\u00e8ces)<\/p>\n<p>Vous serez conquis par des tatouages dor\u00e9s ou argent\u00e9s. Proposez votre propre design. Grande taille 21 x 10 cm, vous pouvez \u00e9galement opter pour un mod\u00e8le standard. Votre logo \/ illustration est imprim\u00e9 sur le dos de ces mod\u00e8les standard. Tatouage \u00e0 appliquer avec de l&#8217;eau.Minimum de commande: 1000 feuilles.Des nombreux formats sont possibles : 4 x 4 cm jusqu&#8217;\u00e0 21 x 10 cm avec des motifs diff\u00e9rents.Prix par feuille avec des motifs standards.<\/p>\n","protected":false},"excerpt":{"rendered":"<p>(prix par 5000 pi\u00e8ces)<\/p>\n<p>Vous serez conquis par des tatouages dor\u00e9s ou argent\u00e9s. Proposez votre propre design. Grande taille 21 x 10 cm, vous pouvez \u00e9galement opter pour un mod\u00e8le standard. Votre logo \/ illustration est imprim\u00e9 sur le dos de ces mod\u00e8les standard. Tatouage \u00e0 appliquer avec de l&#8217;eau.Minimum de commande: 1000 feuilles.Des nombreux formats sont possibles : 4 x 4 cm jusqu&#8217;\u00e0 21 x 10 cm avec des motifs diff\u00e9rents.Prix par feuille avec des motifs standards.<\/p>\n<p> [&#8230;]<\/p>\n<p><a class=\"btn btn-secondary understrap-read-more-link\" href=\"https:\/\/promz.be\/fr\/product\/tatouage-exclusif\/\">Lire la suite&#8230;<\/a><\/p>\n","protected":false},"featured_media":7417,"comment_status":"closed","ping_status":"open","template":"","meta":[],"product_cat":[8745],"product_tag":[],"_links":{"self":[{"href":"https:\/\/promz.be\/fr\/wp-json\/wp\/v2\/product\/9760"}],"collection":[{"href":"https:\/\/promz.be\/fr\/wp-json\/wp\/v2\/product"}],"about":[{"href":"https:\/\/promz.be\/fr\/wp-json\/wp\/v2\/types\/product"}],"replies":[{"embeddable":true,"href":"https:\/\/promz.be\/fr\/wp-json\/wp\/v2\/comments?post=9760"}],"wp:featuredmedia":[{"embeddable":true,"href":"https:\/\/promz.be\/fr\/wp-json\/wp\/v2\/media\/7417"}],"wp:attachment":[{"href":"https:\/\/promz.be\/fr\/wp-json\/wp\/v2\/media?parent=9760"}],"wp:term":[{"taxonomy":"product_cat","embeddable":true,"href":"https:\/\/promz.be\/fr\/wp-json\/wp\/v2\/product_cat?post=9760"},{"taxonomy":"product_tag","embeddable":true,"href":"https:\/\/promz.be\/fr\/wp-json\/wp\/v2\/product_tag?post=9760"}],"curies":[{"name":"wp","href":"https:\/\/api.w.org\/{rel}","templated":true}]}}