{"id":9761,"date":"2018-03-08T00:00:00","date_gmt":"2018-03-08T00:00:00","guid":{"rendered":"https:\/\/promz.be\/product\/renne-en-chocolat-avec-votre-logo\/"},"modified":"2018-07-18T08:35:45","modified_gmt":"2018-07-18T08:35:45","slug":"renne-en-chocolat-avec-votre-logo","status":"publish","type":"product","link":"https:\/\/promz.be\/fr\/product\/renne-en-chocolat-avec-votre-logo\/","title":{"rendered":"Renne en chocolat avec votre logo"},"content":{"rendered":"<p>(prix par 504 pi\u00e8ces)<\/p>\n<p dir=LTR align=LEFT>Un magnifique renne en chocolat, fabriqu\u00e9 en Belgique avec un tr\u00e8s grand souci du d\u00e9tail. En utilisant le meilleur chocolat belge fait \u00e0 partir de f\u00e8ves de cacao en provenance de Madagascar.<\/p>\n<p dir=LTR align=LEFT>Ce renne en chocolat au lait porte TOUJOURS un chandail rouge. Sur ce chandail rouge, il vous est possible d&#8217;apposer votre logo en blanc. Livr\u00e9 par d\u00e9faut dans un coffret cadeau au design festif imprim\u00e9 de flocons de neige blancs.<\/p>\n<p dir=LTR align=LEFT><strong>75 g de chocolat<\/strong><\/p>\n","protected":false},"excerpt":{"rendered":"<p>(prix par 504 pi\u00e8ces)<\/p>\n<p dir=LTR align=LEFT>Un magnifique renne en chocolat, fabriqu\u00e9 en Belgique avec un tr\u00e8s grand souci du d\u00e9tail. En utilisant le meilleur chocolat belge fait \u00e0 partir de f\u00e8ves de cacao en provenance de Madagascar.<\/p>\n<p dir=LTR align=LEFT>Ce renne en chocolat au lait porte TOUJOURS un chandail rouge. Sur ce chandail rouge, il vous est possible d&#8217;apposer votre logo en blanc. Livr\u00e9 par d\u00e9faut dans un coffret cadeau au design festif imprim\u00e9 de flocons de neige blancs.<\/p>\n<p dir=LTR align=LEFT><strong>75 g de chocolat<\/strong><\/p>\n<p> [&#8230;]<\/p>\n<p><a class=\"btn btn-secondary understrap-read-more-link\" href=\"https:\/\/promz.be\/fr\/product\/renne-en-chocolat-avec-votre-logo\/\">Lire la suite&#8230;<\/a><\/p>\n","protected":false},"featured_media":7276,"comment_status":"closed","ping_status":"open","template":"","meta":[],"product_cat":[8745],"product_tag":[],"_links":{"self":[{"href":"https:\/\/promz.be\/fr\/wp-json\/wp\/v2\/product\/9761"}],"collection":[{"href":"https:\/\/promz.be\/fr\/wp-json\/wp\/v2\/product"}],"about":[{"href":"https:\/\/promz.be\/fr\/wp-json\/wp\/v2\/types\/product"}],"replies":[{"embeddable":true,"href":"https:\/\/promz.be\/fr\/wp-json\/wp\/v2\/comments?post=9761"}],"wp:featuredmedia":[{"embeddable":true,"href":"https:\/\/promz.be\/fr\/wp-json\/wp\/v2\/media\/7276"}],"wp:attachment":[{"href":"https:\/\/promz.be\/fr\/wp-json\/wp\/v2\/media?parent=9761"}],"wp:term":[{"taxonomy":"product_cat","embeddable":true,"href":"https:\/\/promz.be\/fr\/wp-json\/wp\/v2\/product_cat?post=9761"},{"taxonomy":"product_tag","embeddable":true,"href":"https:\/\/promz.be\/fr\/wp-json\/wp\/v2\/product_tag?post=9761"}],"curies":[{"name":"wp","href":"https:\/\/api.w.org\/{rel}","templated":true}]}}