{"id":9762,"date":"2017-08-10T00:00:00","date_gmt":"2017-08-10T00:00:00","guid":{"rendered":"https:\/\/promz.be\/product\/marqueurs-effet-3d\/"},"modified":"2018-07-18T08:35:45","modified_gmt":"2018-07-18T08:35:45","slug":"marqueurs-effet-3d","status":"publish","type":"product","link":"https:\/\/promz.be\/fr\/product\/marqueurs-effet-3d\/","title":{"rendered":"Marqueurs effet 3D"},"content":{"rendered":"<p>(prix par 540 pi\u00e8ces)<\/p>\n<p>R\u00e9alisez vous-m&#038;ecirc,me un dessin en 3D gr\u00e2ce \u00e0 ces marqueurs sp\u00e9ciaux. Gr\u00e2ce \u00e0 cet article en provenance des \u00e9tats-Unis dont les ventes explosent, cr\u00e9ez vous-m&#038;ecirc,me un monde en 3D. Vous pourrez admirer votre &#038;oelig,uvre d&#8217;art avec les lunettes sp\u00e9ciales. Ensemble de 6 feutres, vendu par lot de 108 pi\u00e8ces. Emball\u00e9 dans une bo&#038;icirc,te de pr\u00e9sentation. Prix de vente conseill\u00e9 en magasin: 5,99&#038;euro,.<\/p>\n","protected":false},"excerpt":{"rendered":"<p>(prix par 540 pi\u00e8ces)<\/p>\n<p>R\u00e9alisez vous-m&#038;ecirc,me un dessin en 3D gr\u00e2ce \u00e0 ces marqueurs sp\u00e9ciaux. Gr\u00e2ce \u00e0 cet article en provenance des \u00e9tats-Unis dont les ventes explosent, cr\u00e9ez vous-m&#038;ecirc,me un monde en 3D. Vous pourrez admirer votre &#038;oelig,uvre d&#8217;art avec les lunettes sp\u00e9ciales. Ensemble de 6 feutres, vendu par lot de 108 pi\u00e8ces. Emball\u00e9 dans une bo&#038;icirc,te de pr\u00e9sentation. Prix de vente conseill\u00e9 en magasin: 5,99&#038;euro,.<\/p>\n<p> [&#8230;]<\/p>\n<p><a class=\"btn btn-secondary understrap-read-more-link\" href=\"https:\/\/promz.be\/fr\/product\/marqueurs-effet-3d\/\">Lire la suite&#8230;<\/a><\/p>\n","protected":false},"featured_media":7420,"comment_status":"closed","ping_status":"open","template":"","meta":[],"product_cat":[8745],"product_tag":[],"_links":{"self":[{"href":"https:\/\/promz.be\/fr\/wp-json\/wp\/v2\/product\/9762"}],"collection":[{"href":"https:\/\/promz.be\/fr\/wp-json\/wp\/v2\/product"}],"about":[{"href":"https:\/\/promz.be\/fr\/wp-json\/wp\/v2\/types\/product"}],"replies":[{"embeddable":true,"href":"https:\/\/promz.be\/fr\/wp-json\/wp\/v2\/comments?post=9762"}],"wp:featuredmedia":[{"embeddable":true,"href":"https:\/\/promz.be\/fr\/wp-json\/wp\/v2\/media\/7420"}],"wp:attachment":[{"href":"https:\/\/promz.be\/fr\/wp-json\/wp\/v2\/media?parent=9762"}],"wp:term":[{"taxonomy":"product_cat","embeddable":true,"href":"https:\/\/promz.be\/fr\/wp-json\/wp\/v2\/product_cat?post=9762"},{"taxonomy":"product_tag","embeddable":true,"href":"https:\/\/promz.be\/fr\/wp-json\/wp\/v2\/product_tag?post=9762"}],"curies":[{"name":"wp","href":"https:\/\/api.w.org\/{rel}","templated":true}]}}