{"id":9763,"date":"2017-08-22T00:00:00","date_gmt":"2017-08-22T00:00:00","guid":{"rendered":"https:\/\/promz.be\/product\/ecouteurs-soundzipp\/"},"modified":"2018-07-18T08:35:45","modified_gmt":"2018-07-18T08:35:45","slug":"ecouteurs-soundzipp","status":"publish","type":"product","link":"https:\/\/promz.be\/fr\/product\/ecouteurs-soundzipp\/","title":{"rendered":"\u00c9couteurs Soundzipp"},"content":{"rendered":"<p>(prix par 600 pi\u00e8ces)<\/p>\n<p>Ces \u00e9couteurs &#8216;Soundzipp&#8217; peuvent &#038;ecirc,tre utilis\u00e9s avec la fermeture \u00e9clair ouverte ou ferm\u00e9e. De cette mani\u00e8re, les fils ne s&#8217;entortillent plus. Son de haute qualit\u00e9. C&#8217;est une fa\u00e7on moderne de promouvoir votre marque. Le Soundzipp est livr\u00e9 dans une petite pochette en microfibre.<\/p>\n","protected":false},"excerpt":{"rendered":"<p>(prix par 600 pi\u00e8ces)<\/p>\n<p>Ces \u00e9couteurs &#8216;Soundzipp&#8217; peuvent &#038;ecirc,tre utilis\u00e9s avec la fermeture \u00e9clair ouverte ou ferm\u00e9e. De cette mani\u00e8re, les fils ne s&#8217;entortillent plus. Son de haute qualit\u00e9. C&#8217;est une fa\u00e7on moderne de promouvoir votre marque. Le Soundzipp est livr\u00e9 dans une petite pochette en microfibre.<\/p>\n<p> [&#8230;]<\/p>\n<p><a class=\"btn btn-secondary understrap-read-more-link\" href=\"https:\/\/promz.be\/fr\/product\/ecouteurs-soundzipp\/\">Lire la suite&#8230;<\/a><\/p>\n","protected":false},"featured_media":9212,"comment_status":"closed","ping_status":"open","template":"","meta":[],"product_cat":[8745],"product_tag":[],"_links":{"self":[{"href":"https:\/\/promz.be\/fr\/wp-json\/wp\/v2\/product\/9763"}],"collection":[{"href":"https:\/\/promz.be\/fr\/wp-json\/wp\/v2\/product"}],"about":[{"href":"https:\/\/promz.be\/fr\/wp-json\/wp\/v2\/types\/product"}],"replies":[{"embeddable":true,"href":"https:\/\/promz.be\/fr\/wp-json\/wp\/v2\/comments?post=9763"}],"wp:featuredmedia":[{"embeddable":true,"href":"https:\/\/promz.be\/fr\/wp-json\/wp\/v2\/media\/9212"}],"wp:attachment":[{"href":"https:\/\/promz.be\/fr\/wp-json\/wp\/v2\/media?parent=9763"}],"wp:term":[{"taxonomy":"product_cat","embeddable":true,"href":"https:\/\/promz.be\/fr\/wp-json\/wp\/v2\/product_cat?post=9763"},{"taxonomy":"product_tag","embeddable":true,"href":"https:\/\/promz.be\/fr\/wp-json\/wp\/v2\/product_tag?post=9763"}],"curies":[{"name":"wp","href":"https:\/\/api.w.org\/{rel}","templated":true}]}}