{"id":9764,"date":"2017-11-09T00:00:00","date_gmt":"2017-11-09T00:00:00","guid":{"rendered":"https:\/\/promz.be\/product\/powerbank-impermeable\/"},"modified":"2018-07-18T08:35:45","modified_gmt":"2018-07-18T08:35:45","slug":"powerbank-impermeable","status":"publish","type":"product","link":"https:\/\/promz.be\/fr\/product\/powerbank-impermeable\/","title":{"rendered":"Powerbank imperm\u00e9able"},"content":{"rendered":"<p>(prix par 600 pi\u00e8ces)<\/p>\n<p>Powerbank imperm\u00e9able 2200mAh. Id\u00e9al pendant la pratique de sport nautique ou si vous travaillez avec ou autour de l&#8217;eau. Le powerbank est livr\u00e9 avec le c\u00e2ble dans une boite cadeau.<\/p>\n","protected":false},"excerpt":{"rendered":"<p>(prix par 600 pi\u00e8ces)<\/p>\n<p>Powerbank imperm\u00e9able 2200mAh. Id\u00e9al pendant la pratique de sport nautique ou si vous travaillez avec ou autour de l&#8217;eau. Le powerbank est livr\u00e9 avec le c\u00e2ble dans une boite cadeau.<\/p>\n<p> [&#8230;]<\/p>\n<p><a class=\"btn btn-secondary understrap-read-more-link\" href=\"https:\/\/promz.be\/fr\/product\/powerbank-impermeable\/\">Lire la suite&#8230;<\/a><\/p>\n","protected":false},"featured_media":8006,"comment_status":"closed","ping_status":"open","template":"","meta":[],"product_cat":[8745],"product_tag":[],"_links":{"self":[{"href":"https:\/\/promz.be\/fr\/wp-json\/wp\/v2\/product\/9764"}],"collection":[{"href":"https:\/\/promz.be\/fr\/wp-json\/wp\/v2\/product"}],"about":[{"href":"https:\/\/promz.be\/fr\/wp-json\/wp\/v2\/types\/product"}],"replies":[{"embeddable":true,"href":"https:\/\/promz.be\/fr\/wp-json\/wp\/v2\/comments?post=9764"}],"wp:featuredmedia":[{"embeddable":true,"href":"https:\/\/promz.be\/fr\/wp-json\/wp\/v2\/media\/8006"}],"wp:attachment":[{"href":"https:\/\/promz.be\/fr\/wp-json\/wp\/v2\/media?parent=9764"}],"wp:term":[{"taxonomy":"product_cat","embeddable":true,"href":"https:\/\/promz.be\/fr\/wp-json\/wp\/v2\/product_cat?post=9764"},{"taxonomy":"product_tag","embeddable":true,"href":"https:\/\/promz.be\/fr\/wp-json\/wp\/v2\/product_tag?post=9764"}],"curies":[{"name":"wp","href":"https:\/\/api.w.org\/{rel}","templated":true}]}}