{"id":9765,"date":"2018-02-16T00:00:00","date_gmt":"2018-02-16T00:00:00","guid":{"rendered":"https:\/\/promz.be\/product\/lampe-pour-votre-smartphone\/"},"modified":"2018-07-18T08:35:46","modified_gmt":"2018-07-18T08:35:46","slug":"lampe-pour-votre-smartphone","status":"publish","type":"product","link":"https:\/\/promz.be\/fr\/product\/lampe-pour-votre-smartphone\/","title":{"rendered":"Lampe pour votre smartphone"},"content":{"rendered":"<p>(prix par 650 pi\u00e8ces)<\/p>\n<p>Ce dr\u00f4le gadget, une mini lampe pour votre smartphone, donne de la lumi\u00e8re d&#8217;ambiance. Vous pouvez fixer la petite lampe en silicone avec un clip \u00e0 votre smartphone pour cr\u00e9er de la lumi\u00e8re d&#8217;ambiance sur votre table de nuit, bureau, table de jardin, dans votre tente et o&#038;ugrave, que ce soit. Vous pouvez d\u00e9poser cette lampe partout et l&#8217;allumer ou l&#8217;\u00e9teindre quand vous voulez.Quantit\u00e9 minimale de 100 pi\u00e8ces.<\/p>\n","protected":false},"excerpt":{"rendered":"<p>(prix par 650 pi\u00e8ces)<\/p>\n<p>Ce dr\u00f4le gadget, une mini lampe pour votre smartphone, donne de la lumi\u00e8re d&#8217;ambiance. Vous pouvez fixer la petite lampe en silicone avec un clip \u00e0 votre smartphone pour cr\u00e9er de la lumi\u00e8re d&#8217;ambiance sur votre table de nuit, bureau, table de jardin, dans votre tente et o&#038;ugrave, que ce soit. Vous pouvez d\u00e9poser cette lampe partout et l&#8217;allumer ou l&#8217;\u00e9teindre quand vous voulez.Quantit\u00e9 minimale de 100 pi\u00e8ces.<\/p>\n<p> [&#8230;]<\/p>\n<p><a class=\"btn btn-secondary understrap-read-more-link\" href=\"https:\/\/promz.be\/fr\/product\/lampe-pour-votre-smartphone\/\">Lire la suite&#8230;<\/a><\/p>\n","protected":false},"featured_media":9215,"comment_status":"closed","ping_status":"open","template":"","meta":[],"product_cat":[8745],"product_tag":[],"_links":{"self":[{"href":"https:\/\/promz.be\/fr\/wp-json\/wp\/v2\/product\/9765"}],"collection":[{"href":"https:\/\/promz.be\/fr\/wp-json\/wp\/v2\/product"}],"about":[{"href":"https:\/\/promz.be\/fr\/wp-json\/wp\/v2\/types\/product"}],"replies":[{"embeddable":true,"href":"https:\/\/promz.be\/fr\/wp-json\/wp\/v2\/comments?post=9765"}],"wp:featuredmedia":[{"embeddable":true,"href":"https:\/\/promz.be\/fr\/wp-json\/wp\/v2\/media\/9215"}],"wp:attachment":[{"href":"https:\/\/promz.be\/fr\/wp-json\/wp\/v2\/media?parent=9765"}],"wp:term":[{"taxonomy":"product_cat","embeddable":true,"href":"https:\/\/promz.be\/fr\/wp-json\/wp\/v2\/product_cat?post=9765"},{"taxonomy":"product_tag","embeddable":true,"href":"https:\/\/promz.be\/fr\/wp-json\/wp\/v2\/product_tag?post=9765"}],"curies":[{"name":"wp","href":"https:\/\/api.w.org\/{rel}","templated":true}]}}