{"id":9766,"date":"2018-03-26T00:00:00","date_gmt":"2018-03-26T00:00:00","guid":{"rendered":"https:\/\/promz.be\/product\/marque-verre-sur-mesure\/"},"modified":"2018-07-18T08:35:46","modified_gmt":"2018-07-18T08:35:46","slug":"marque-verre-sur-mesure","status":"publish","type":"product","link":"https:\/\/promz.be\/fr\/product\/marque-verre-sur-mesure\/","title":{"rendered":"Marque verre sur mesure"},"content":{"rendered":"<p>(prix par 6500 pi\u00e8ces)<\/p>\n<p>O&#038;ugrave, est mon verre ? Demandez les marques verre en silicone dans votre forme avec embossage selon vos besoins, souhaits&#8230;Id\u00e9al pour agr\u00e9menter et rep\u00e9rer vos verres, ces marque-verres apporteront de la fantaisie \u00e0 vos cocktails. Sont livr\u00e9s par 8 sur une plaquette imprim\u00e9e en full color. Le prix d\u00e9pend de la forme choisie et le nombre de <span class=alt-edited>marques par carte. Mat\u00e9riel: silicone approuv\u00e9 par l&#8217;UE pour la nourriture.<\/p>\n","protected":false},"excerpt":{"rendered":"<p>(prix par 6500 pi\u00e8ces)<\/p>\n<p>O&#038;ugrave, est mon verre ? Demandez les marques verre en silicone dans votre forme avec embossage selon vos besoins, souhaits&#8230;Id\u00e9al pour agr\u00e9menter et rep\u00e9rer vos verres, ces marque-verres apporteront de la fantaisie \u00e0 vos cocktails. Sont livr\u00e9s par 8 sur une plaquette imprim\u00e9e en full color. Le prix d\u00e9pend de la forme choisie et le nombre de <span class=alt-edited>marques par carte. Mat\u00e9riel: silicone approuv\u00e9 par l&#8217;UE pour la nourriture.<\/p>\n<p> [&#8230;]<\/p>\n<p><a class=\"btn btn-secondary understrap-read-more-link\" href=\"https:\/\/promz.be\/fr\/product\/marque-verre-sur-mesure\/\">Lire la suite&#8230;<\/a><\/p>\n","protected":false},"featured_media":7783,"comment_status":"closed","ping_status":"open","template":"","meta":[],"product_cat":[8745],"product_tag":[],"_links":{"self":[{"href":"https:\/\/promz.be\/fr\/wp-json\/wp\/v2\/product\/9766"}],"collection":[{"href":"https:\/\/promz.be\/fr\/wp-json\/wp\/v2\/product"}],"about":[{"href":"https:\/\/promz.be\/fr\/wp-json\/wp\/v2\/types\/product"}],"replies":[{"embeddable":true,"href":"https:\/\/promz.be\/fr\/wp-json\/wp\/v2\/comments?post=9766"}],"wp:featuredmedia":[{"embeddable":true,"href":"https:\/\/promz.be\/fr\/wp-json\/wp\/v2\/media\/7783"}],"wp:attachment":[{"href":"https:\/\/promz.be\/fr\/wp-json\/wp\/v2\/media?parent=9766"}],"wp:term":[{"taxonomy":"product_cat","embeddable":true,"href":"https:\/\/promz.be\/fr\/wp-json\/wp\/v2\/product_cat?post=9766"},{"taxonomy":"product_tag","embeddable":true,"href":"https:\/\/promz.be\/fr\/wp-json\/wp\/v2\/product_tag?post=9766"}],"curies":[{"name":"wp","href":"https:\/\/api.w.org\/{rel}","templated":true}]}}